{"id":171,"date":"2022-05-03T11:30:58","date_gmt":"2022-05-03T16:30:58","guid":{"rendered":"https:\/\/xml-io.proteusthemes.com\/buildpress\/?page_id=171"},"modified":"2022-06-08T10:22:13","modified_gmt":"2022-06-08T15:22:13","slug":"about-us","status":"publish","type":"page","link":"https:\/\/www.distribuidorarspty.com\/?page_id=171","title":{"rendered":"Nosotros"},"content":{"rendered":"<div id=\"pl-171\"  class=\"panel-layout\" ><div id=\"pg-171-0\"  class=\"panel-grid panel-no-style\" ><div id=\"pgc-171-0-0\"  class=\"panel-grid-cell panel-grid-cell-empty\" ><\/div><\/div><div id=\"pg-171-1\"  class=\"panel-grid panel-no-style\" ><div id=\"pgc-171-1-0\"  class=\"panel-grid-cell\" ><div id=\"panel-171-1-0-0\" class=\"so-panel widget widget_media_image panel-first-child panel-last-child\" data-index=\"0\" ><img width=\"873\" height=\"750\" src=\"https:\/\/www.distribuidorarspty.com\/wp-content\/uploads\/2022\/06\/foto2-1.png\" class=\"image wp-image-3767  attachment-full size-full\" alt=\"\" loading=\"lazy\" style=\"max-width: 100%; height: auto;\" srcset=\"https:\/\/www.distribuidorarspty.com\/wp-content\/uploads\/2022\/06\/foto2-1.png 873w, https:\/\/www.distribuidorarspty.com\/wp-content\/uploads\/2022\/06\/foto2-1-300x258.png 300w, https:\/\/www.distribuidorarspty.com\/wp-content\/uploads\/2022\/06\/foto2-1-768x660.png 768w, https:\/\/www.distribuidorarspty.com\/wp-content\/uploads\/2022\/06\/foto2-1-555x477.png 555w, https:\/\/www.distribuidorarspty.com\/wp-content\/uploads\/2022\/06\/foto2-1-600x515.png 600w\" sizes=\"(max-width: 873px) 100vw, 873px\" \/><\/div><\/div><div id=\"pgc-171-1-1\"  class=\"panel-grid-cell\" ><div id=\"panel-171-1-1-0\" class=\"so-panel widget widget_black-studio-tinymce widget_black_studio_tinymce panel-first-child\" data-index=\"1\" ><h3 class=\"widget-title\">Comprometidos con la excelencia<\/h3><div class=\"textwidget\"><p style=\"text-align: justify;\">Distribuidora RS, S.A es una empresa dedicada a la distribuci\u00f3n de materiales y equipos para complejos deportivos como granulado de caucho, losas de caucho, arena s\u00edlice deportiva, mobiliario deportivo\u00a0y brinda servicios de instalaci\u00f3n de cumpliendo los mayores est\u00e1ndares de calidad.<\/p>\n<\/div><\/div><div id=\"panel-171-1-1-1\" class=\"so-panel widget widget_black-studio-tinymce widget_black_studio_tinymce panel-last-child\" data-index=\"2\" ><div class=\"textwidget\"><p style=\"text-align: justify;\">Ofrecemos los mejores productos para proyectos deportivos y servicio de instalaci\u00f3n del mercado. Si hay algo que nos define es la calidad de los productos que comercializamos, de nuestros servicios y la satisfacci\u00f3n del cliente. Nuestros clientes pertenecen a sectores y disciplinas deportivas muy diversos lo que nos permite afrontar con todo tipo de proyectos.<\/p>\n<\/div><\/div><\/div><\/div><div id=\"pg-171-2\"  class=\"panel-grid panel-no-style\" ><div id=\"pgc-171-2-0\"  class=\"panel-grid-cell\" ><div id=\"panel-171-2-0-0\" class=\"so-panel widget widget_black-studio-tinymce widget_black_studio_tinymce panel-first-child panel-last-child\" data-index=\"3\" ><div class=\"textwidget\"><h4><img class=\"alignnone wp-image-3287 size-medium\" src=\"https:\/\/www.distribuidorarspty.com\/wp-content\/uploads\/2022\/06\/07-300x200.jpg\" alt=\"\" width=\"300\" height=\"200\" \/><\/h4>\n<h5>ENFOQUE INTEGRAL<\/h5>\n<p>Desde nuestro inicio de operaciones, usamos un enfoque integral en todo proyecto.<\/p>\n<\/div><\/div><\/div><div id=\"pgc-171-2-1\"  class=\"panel-grid-cell\" ><div id=\"panel-171-2-1-0\" class=\"so-panel widget widget_black-studio-tinymce widget_black_studio_tinymce panel-first-child panel-last-child\" data-index=\"4\" ><div class=\"textwidget\"><h4><img class=\"alignnone wp-image-3289 size-medium\" src=\"https:\/\/www.distribuidorarspty.com\/wp-content\/uploads\/2022\/06\/02-300x200.jpg\" alt=\"\" width=\"300\" height=\"200\" \/><\/h4>\n<h5>LA SOLUCI\u00d3N DE SU PROYECTO<\/h5>\n<p>Ofreciendo una amplia variedad de servicios para todo tipo de necesidades.<\/p>\n<\/div><\/div><\/div><div id=\"pgc-171-2-2\"  class=\"panel-grid-cell\" ><div id=\"panel-171-2-2-0\" class=\"so-panel widget widget_black-studio-tinymce widget_black_studio_tinymce panel-first-child panel-last-child\" data-index=\"5\" ><div class=\"textwidget\"><h4><img class=\"alignnone wp-image-3293 size-medium\" src=\"https:\/\/www.distribuidorarspty.com\/wp-content\/uploads\/2022\/06\/06-300x200.jpg\" alt=\"\" width=\"300\" height=\"200\" \/><\/h4>\n<h5>EQUIPO PROFESIONAL<\/h5>\n<p>Contamos con personal t\u00e9cnico especializado y altamente capacitado para enfrentar los requerimientos m\u00e1s exigentes..<\/p>\n<\/div><\/div><\/div><div id=\"pgc-171-2-3\"  class=\"panel-grid-cell\" ><div id=\"panel-171-2-3-0\" class=\"so-panel widget widget_black-studio-tinymce widget_black_studio_tinymce panel-first-child panel-last-child\" data-index=\"6\" ><div class=\"textwidget\"><h4><img class=\"alignnone wp-image-3295 size-medium\" src=\"https:\/\/www.distribuidorarspty.com\/wp-content\/uploads\/2022\/06\/08-300x200.jpg\" alt=\"\" width=\"300\" height=\"200\" \/><\/h4>\n<h5>COMPROMETIDOS<\/h5>\n<p>Nos caracterizamos por nuestro gran desempe\u00f1o, eficiencia en la entrega y cumplimiento de obras y proyectos.<\/p>\n<\/div><\/div><\/div><\/div><div id=\"pg-171-3\"  class=\"panel-grid panel-no-style\" ><div id=\"pgc-171-3-0\"  class=\"panel-grid-cell\" ><div id=\"panel-171-3-0-0\" class=\"so-panel widget widget_black-studio-tinymce widget_black_studio_tinymce panel-first-child panel-last-child\" data-index=\"7\" ><div class=\"textwidget\"><p><a href=\"https:\/\/www.distribuidorarspty.com\/wp-content\/uploads\/2022\/06\/01.jpg\"><img class=\"alignnone size-large wp-image-200\" src=\"https:\/\/www.distribuidorarspty.com\/wp-content\/uploads\/2022\/06\/01.jpg\" alt=\"Project Image\" width=\"1024\" height=\"800\" \/><\/a><\/p>\n<\/div><\/div><\/div><div id=\"pgc-171-3-1\"  class=\"panel-grid-cell\" ><div id=\"panel-171-3-1-0\" class=\"so-panel widget widget_pt_icon_box widget-icon-box panel-first-child\" data-index=\"8\" >\t\t\t<div class=\"icon-box\">\n\t\t\t\t\t\t\t<i class=\"fa  fa-cog  fa-3x\"><\/i>\n\t\t\t\t<div class=\"icon-box__text\">\n\t\t\t\t\t<h4 class=\"icon-box__title\">Venta e instalaci\u00f3n<\/h4>\n\t\t\t\t\t<span class=\"icon-box__subtitle\">Somos una empresa que ofrece servicios de venta e instalaci\u00f3n para proyectos deportivos y recreativos.<\/span>\n\t\t\t\t<\/div>\n\t\t\t<\/div>\n\t\t\t<\/div><div id=\"panel-171-3-1-1\" class=\"so-panel widget widget_pt_icon_box widget-icon-box\" data-index=\"9\" >\t\t\t<div class=\"icon-box\">\n\t\t\t\t\t\t\t<i class=\"fa  fa-leaf  fa-3x\"><\/i>\n\t\t\t\t<div class=\"icon-box__text\">\n\t\t\t\t\t<h4 class=\"icon-box__title\">Materiales ecol\u00f3gicos.<\/h4>\n\t\t\t\t\t<span class=\"icon-box__subtitle\">Nos esforzamos por mantener los est\u00e1ndares m\u00e1s altos posibles mientras superamos las expectativas de los clientes en todos los niveles.<\/span>\n\t\t\t\t<\/div>\n\t\t\t<\/div>\n\t\t\t<\/div><div id=\"panel-171-3-1-2\" class=\"so-panel widget widget_pt_icon_box widget-icon-box panel-last-child\" data-index=\"10\" >\t\t\t<div class=\"icon-box\">\n\t\t\t\t\t\t\t<i class=\"fa  fa-thumbs-o-up  fa-3x\"><\/i>\n\t\t\t\t<div class=\"icon-box__text\">\n\t\t\t\t\t<h4 class=\"icon-box__title\">Compromiso eficiente<\/h4>\n\t\t\t\t\t<span class=\"icon-box__subtitle\">Nos comprometemos a completar todos los proyectos dentro del cronograma establecido con nuestros clientes para su m\u00e1xima satisfacci\u00f3n.<\/span>\n\t\t\t\t<\/div>\n\t\t\t<\/div>\n\t\t\t<\/div><\/div><\/div><\/div>","protected":false},"excerpt":{"rendered":"<p>Distribuidora RS, S.A es una empresa dedicada a la distribuci\u00f3n de materiales y equipos para complejos deportivos como granulado de caucho, losas de caucho, arena s\u00edlice deportiva, mobiliario deportivo\u00a0y brinda servicios de instalaci\u00f3n de cumpliendo los mayores est\u00e1ndares de calidad. Ofrecemos los mejores productos para proyectos deportivos y servicio de instalaci\u00f3n del mercado. Si hay &hellip;<\/p>\n","protected":false},"author":2,"featured_media":0,"parent":0,"menu_order":12,"comment_status":"closed","ping_status":"closed","template":"","meta":{"_coblocks_attr":"","_coblocks_dimensions":"","_coblocks_responsive_height":"","_coblocks_accordion_ie_support":""},"categories":[],"tags":[],"acf":[],"_links":{"self":[{"href":"https:\/\/www.distribuidorarspty.com\/index.php?rest_route=\/wp\/v2\/pages\/171"}],"collection":[{"href":"https:\/\/www.distribuidorarspty.com\/index.php?rest_route=\/wp\/v2\/pages"}],"about":[{"href":"https:\/\/www.distribuidorarspty.com\/index.php?rest_route=\/wp\/v2\/types\/page"}],"author":[{"embeddable":true,"href":"https:\/\/www.distribuidorarspty.com\/index.php?rest_route=\/wp\/v2\/users\/2"}],"replies":[{"embeddable":true,"href":"https:\/\/www.distribuidorarspty.com\/index.php?rest_route=%2Fwp%2Fv2%2Fcomments&post=171"}],"version-history":[{"count":42,"href":"https:\/\/www.distribuidorarspty.com\/index.php?rest_route=\/wp\/v2\/pages\/171\/revisions"}],"predecessor-version":[{"id":4335,"href":"https:\/\/www.distribuidorarspty.com\/index.php?rest_route=\/wp\/v2\/pages\/171\/revisions\/4335"}],"wp:attachment":[{"href":"https:\/\/www.distribuidorarspty.com\/index.php?rest_route=%2Fwp%2Fv2%2Fmedia&parent=171"}],"wp:term":[{"taxonomy":"category","embeddable":true,"href":"https:\/\/www.distribuidorarspty.com\/index.php?rest_route=%2Fwp%2Fv2%2Fcategories&post=171"},{"taxonomy":"post_tag","embeddable":true,"href":"https:\/\/www.distribuidorarspty.com\/index.php?rest_route=%2Fwp%2Fv2%2Ftags&post=171"}],"curies":[{"name":"wp","href":"https:\/\/api.w.org\/{rel}","templated":true}]}}