{"id":2152,"date":"2022-05-23T08:32:31","date_gmt":"2022-05-23T13:32:31","guid":{"rendered":"https:\/\/xml-io.proteusthemes.com\/buildpress\/?page_id=49"},"modified":"2022-06-08T10:22:24","modified_gmt":"2022-06-08T15:22:24","slug":"soluciones","status":"publish","type":"page","link":"https:\/\/www.distribuidorarspty.com\/?page_id=2152","title":{"rendered":"SOLUCIONES"},"content":{"rendered":"<div id=\"pl-2152\"  class=\"panel-layout\" ><div id=\"pg-2152-0\"  class=\"panel-grid panel-no-style\" ><div id=\"pgc-2152-0-0\"  class=\"panel-grid-cell\" ><div id=\"panel-2152-0-0-0\" class=\"so-panel widget widget_pt_featured_page widget-featured-page panel-first-child panel-last-child\" data-index=\"0\" >\t\t\t\t<div class=\"page-box page-box--block post-2152 page type-page status-publish hentry\">\n\t\t\t\t\t\t\t\t\t\t\t\t\t\t\t<a class=\"page-box__picture\" href=\"\"><img src=\"\" width=\"\" height=\"\" srcset=\" w,  w\" sizes=\"(min-width: 992px) 360px, calc(100vw - 30px)\" class=\"wp-post-image\" alt=\"\"><\/a>\n\t\t\t\t\t\t\t\t\t\t\t\t\t\t<div class=\"page-box__content\">\n\t\t\t\t\t\t<h5 class=\"page-box__title  text-uppercase\"><a href=\"\"><\/a><\/h5>\n\t\t\t\t\t\t<p> <\/p>\n\t\t\t\t\t\t\t\t\t\t\t\t\t<p><a href=\"\" class=\"read-more  read-more--page-box\">Leer m\u00e1s<\/a><\/p>\n\t\t\t\t\t\t\t\t\t\t\t<\/div>\n\t\t\t\t<\/div>\n\n\t\t\t<\/div><\/div><div id=\"pgc-2152-0-1\"  class=\"panel-grid-cell\" ><div id=\"panel-2152-0-1-0\" class=\"so-panel widget widget_pt_featured_page widget-featured-page panel-first-child panel-last-child\" data-index=\"1\" >\t\t\t\t<div class=\"page-box page-box--block post-2152 page type-page status-publish hentry\">\n\t\t\t\t\t\t\t\t\t\t\t\t\t\t\t<a class=\"page-box__picture\" href=\"\"><img src=\"\" width=\"\" height=\"\" srcset=\" w,  w\" sizes=\"(min-width: 992px) 360px, calc(100vw - 30px)\" class=\"wp-post-image\" alt=\"\"><\/a>\n\t\t\t\t\t\t\t\t\t\t\t\t\t\t<div class=\"page-box__content\">\n\t\t\t\t\t\t<h5 class=\"page-box__title  text-uppercase\"><a href=\"\"><\/a><\/h5>\n\t\t\t\t\t\t<p> <\/p>\n\t\t\t\t\t\t\t\t\t\t\t\t\t<p><a href=\"\" class=\"read-more  read-more--page-box\">Leer m\u00e1s<\/a><\/p>\n\t\t\t\t\t\t\t\t\t\t\t<\/div>\n\t\t\t\t<\/div>\n\n\t\t\t<\/div><\/div><div id=\"pgc-2152-0-2\"  class=\"panel-grid-cell\" ><div id=\"panel-2152-0-2-0\" class=\"so-panel widget widget_pt_featured_page widget-featured-page panel-first-child panel-last-child\" data-index=\"2\" >\t\t\t\t<div class=\"page-box page-box--block post-2152 page type-page status-publish hentry\">\n\t\t\t\t\t\t\t\t\t\t\t\t\t\t\t<a class=\"page-box__picture\" href=\"\"><img src=\"\" width=\"\" height=\"\" srcset=\" w,  w\" sizes=\"(min-width: 992px) 360px, calc(100vw - 30px)\" class=\"wp-post-image\" alt=\"\"><\/a>\n\t\t\t\t\t\t\t\t\t\t\t\t\t\t<div class=\"page-box__content\">\n\t\t\t\t\t\t<h5 class=\"page-box__title  text-uppercase\"><a href=\"\"><\/a><\/h5>\n\t\t\t\t\t\t<p> <\/p>\n\t\t\t\t\t\t\t\t\t\t\t\t\t<p><a href=\"\" class=\"read-more  read-more--page-box\">Leer m\u00e1s<\/a><\/p>\n\t\t\t\t\t\t\t\t\t\t\t<\/div>\n\t\t\t\t<\/div>\n\n\t\t\t<\/div><\/div><\/div><div id=\"pg-2152-1\"  class=\"panel-grid panel-no-style\" ><div id=\"pgc-2152-1-0\"  class=\"panel-grid-cell\" ><div id=\"panel-2152-1-0-0\" class=\"so-panel widget widget_pt_featured_page widget-featured-page panel-first-child panel-last-child\" data-index=\"3\" >\t\t\t\t<div class=\"page-box page-box--block post-2152 page type-page status-publish hentry\">\n\t\t\t\t\t\t\t\t\t\t\t\t\t\t\t<a class=\"page-box__picture\" href=\"\"><img src=\"\" width=\"\" height=\"\" srcset=\" w,  w\" sizes=\"(min-width: 992px) 360px, calc(100vw - 30px)\" class=\"wp-post-image\" alt=\"\"><\/a>\n\t\t\t\t\t\t\t\t\t\t\t\t\t\t<div class=\"page-box__content\">\n\t\t\t\t\t\t<h5 class=\"page-box__title  text-uppercase\"><a href=\"\"><\/a><\/h5>\n\t\t\t\t\t\t<p> <\/p>\n\t\t\t\t\t\t\t\t\t\t\t\t\t<p><a href=\"\" class=\"read-more  read-more--page-box\">Leer m\u00e1s<\/a><\/p>\n\t\t\t\t\t\t\t\t\t\t\t<\/div>\n\t\t\t\t<\/div>\n\n\t\t\t<\/div><\/div><div id=\"pgc-2152-1-1\"  class=\"panel-grid-cell\" ><div id=\"panel-2152-1-1-0\" class=\"so-panel widget widget_pt_featured_page widget-featured-page panel-first-child panel-last-child\" data-index=\"4\" >\t\t\t\t<div class=\"page-box page-box--block post-2152 page type-page status-publish hentry\">\n\t\t\t\t\t\t\t\t\t\t\t\t\t\t\t<a class=\"page-box__picture\" href=\"\"><img src=\"\" width=\"\" height=\"\" srcset=\" w,  w\" sizes=\"(min-width: 992px) 360px, calc(100vw - 30px)\" class=\"wp-post-image\" alt=\"\"><\/a>\n\t\t\t\t\t\t\t\t\t\t\t\t\t\t<div class=\"page-box__content\">\n\t\t\t\t\t\t<h5 class=\"page-box__title  text-uppercase\"><a href=\"\"><\/a><\/h5>\n\t\t\t\t\t\t<p> <\/p>\n\t\t\t\t\t\t\t\t\t\t\t\t\t<p><a href=\"\" class=\"read-more  read-more--page-box\">Leer m\u00e1s<\/a><\/p>\n\t\t\t\t\t\t\t\t\t\t\t<\/div>\n\t\t\t\t<\/div>\n\n\t\t\t<\/div><\/div><div id=\"pgc-2152-1-2\"  class=\"panel-grid-cell\" ><div id=\"panel-2152-1-2-0\" class=\"so-panel widget widget_pt_featured_page widget-featured-page panel-first-child panel-last-child\" data-index=\"5\" >\t\t\t\t<div class=\"page-box page-box--block post-2152 page type-page status-publish hentry\">\n\t\t\t\t\t\t\t\t\t\t\t\t\t\t\t<a class=\"page-box__picture\" href=\"https:\/\/www.distribuidorarspty.com\/?page_id=71\"><img src=\"https:\/\/www.distribuidorarspty.com\/wp-content\/uploads\/2022\/06\/recreativos-1-360x202.jpg\" width=\"360\" height=\"202\" srcset=\"https:\/\/www.distribuidorarspty.com\/wp-content\/uploads\/2022\/06\/recreativos-1-360x202.jpg 360w, https:\/\/www.distribuidorarspty.com\/wp-content\/uploads\/2022\/06\/recreativos-1.jpg 848w\" sizes=\"(min-width: 992px) 360px, calc(100vw - 30px)\" class=\"wp-post-image\" alt=\"MOLDE SERVICIOS\"><\/a>\n\t\t\t\t\t\t\t\t\t\t\t\t\t\t<div class=\"page-box__content\">\n\t\t\t\t\t\t<h5 class=\"page-box__title  text-uppercase\"><a href=\"https:\/\/www.distribuidorarspty.com\/?page_id=71\">MOLDE SERVICIOS<\/a><\/h5>\n\t\t\t\t\t\t<p>We can execute complex kitchen remodelling projects that suit. <\/p>\n\t\t\t\t\t\t\t\t\t\t\t\t\t<p><a href=\"https:\/\/www.distribuidorarspty.com\/?page_id=71\" class=\"read-more  read-more--page-box\">Leer m\u00e1s<\/a><\/p>\n\t\t\t\t\t\t\t\t\t\t\t<\/div>\n\t\t\t\t<\/div>\n\n\t\t\t<\/div><\/div><\/div><\/div>","protected":false},"excerpt":{"rendered":"<p>Leer m\u00e1s Leer m\u00e1s Leer m\u00e1s Leer m\u00e1s Leer m\u00e1s MOLDE SERVICIOS We can execute complex kitchen remodelling projects that suit. Leer m\u00e1s<\/p>\n","protected":false},"author":2,"featured_media":0,"parent":0,"menu_order":14,"comment_status":"closed","ping_status":"closed","template":"","meta":{"_coblocks_attr":"","_coblocks_dimensions":"","_coblocks_responsive_height":"","_coblocks_accordion_ie_support":""},"categories":[],"tags":[],"acf":[],"_links":{"self":[{"href":"https:\/\/www.distribuidorarspty.com\/index.php?rest_route=\/wp\/v2\/pages\/2152"}],"collection":[{"href":"https:\/\/www.distribuidorarspty.com\/index.php?rest_route=\/wp\/v2\/pages"}],"about":[{"href":"https:\/\/www.distribuidorarspty.com\/index.php?rest_route=\/wp\/v2\/types\/page"}],"author":[{"embeddable":true,"href":"https:\/\/www.distribuidorarspty.com\/index.php?rest_route=\/wp\/v2\/users\/2"}],"replies":[{"embeddable":true,"href":"https:\/\/www.distribuidorarspty.com\/index.php?rest_route=%2Fwp%2Fv2%2Fcomments&post=2152"}],"version-history":[{"count":7,"href":"https:\/\/www.distribuidorarspty.com\/index.php?rest_route=\/wp\/v2\/pages\/2152\/revisions"}],"predecessor-version":[{"id":3559,"href":"https:\/\/www.distribuidorarspty.com\/index.php?rest_route=\/wp\/v2\/pages\/2152\/revisions\/3559"}],"wp:attachment":[{"href":"https:\/\/www.distribuidorarspty.com\/index.php?rest_route=%2Fwp%2Fv2%2Fmedia&parent=2152"}],"wp:term":[{"taxonomy":"category","embeddable":true,"href":"https:\/\/www.distribuidorarspty.com\/index.php?rest_route=%2Fwp%2Fv2%2Fcategories&post=2152"},{"taxonomy":"post_tag","embeddable":true,"href":"https:\/\/www.distribuidorarspty.com\/index.php?rest_route=%2Fwp%2Fv2%2Ftags&post=2152"}],"curies":[{"name":"wp","href":"https:\/\/api.w.org\/{rel}","templated":true}]}}