{"id":3612,"date":"2022-05-08T03:59:02","date_gmt":"2022-05-08T08:59:02","guid":{"rendered":"https:\/\/www.distribuidorarspty.com\/?page_id=3612"},"modified":"2022-06-08T10:23:16","modified_gmt":"2022-06-08T15:23:16","slug":"arena-de-silice-y-caucho-granulado","status":"publish","type":"page","link":"https:\/\/www.distribuidorarspty.com\/?page_id=3612","title":{"rendered":"Materiales de relleno"},"content":{"rendered":"<div id=\"pl-3612\"  class=\"panel-layout\" ><div id=\"pg-3612-0\"  class=\"panel-grid panel-no-style\" ><div id=\"pgc-3612-0-0\"  class=\"panel-grid-cell\" ><div id=\"panel-3612-0-0-0\" class=\"so-panel widget widget_media_image panel-first-child panel-last-child\" data-index=\"0\" ><img width=\"1024\" height=\"512\" src=\"https:\/\/www.distribuidorarspty.com\/wp-content\/uploads\/2022\/06\/arena-y-caucho-canchas-sinteticas.jpg\" class=\"image wp-image-4139  attachment-full size-full\" alt=\"\" loading=\"lazy\" style=\"max-width: 100%; height: auto;\" srcset=\"https:\/\/www.distribuidorarspty.com\/wp-content\/uploads\/2022\/06\/arena-y-caucho-canchas-sinteticas.jpg 1024w, https:\/\/www.distribuidorarspty.com\/wp-content\/uploads\/2022\/06\/arena-y-caucho-canchas-sinteticas-300x150.jpg 300w, https:\/\/www.distribuidorarspty.com\/wp-content\/uploads\/2022\/06\/arena-y-caucho-canchas-sinteticas-768x384.jpg 768w, https:\/\/www.distribuidorarspty.com\/wp-content\/uploads\/2022\/06\/arena-y-caucho-canchas-sinteticas-555x278.jpg 555w, https:\/\/www.distribuidorarspty.com\/wp-content\/uploads\/2022\/06\/arena-y-caucho-canchas-sinteticas-600x300.jpg 600w\" sizes=\"(max-width: 1024px) 100vw, 1024px\" \/><\/div><\/div><\/div><div id=\"pg-3612-1\"  class=\"panel-grid panel-no-style\" ><div id=\"pgc-3612-1-0\"  class=\"panel-grid-cell\" ><div id=\"panel-3612-1-0-0\" class=\"so-panel widget widget_black-studio-tinymce widget_black_studio_tinymce panel-first-child\" data-index=\"1\" ><h3 class=\"widget-title\">\u00bfPor qu\u00e9 se usa arena y caucho en canchas de f\u00fatbol sint\u00e9ticas?<\/h3><div class=\"textwidget\"><p style=\"text-align: JUSTIFY;\">Una de las principales razones por las que se usa arena y caucho en canchas de f\u00fatbol sint\u00e9ticas es porque brinda un menor riesgo de lesiones a los jugadores, ya que el caucho granulado es un material deformable que absorbe los impactos; lo cual hace que sea una gran ventaja usarlo para la pr\u00e1ctica de este deporte en terrenos de c\u00e9sped artificial. Adem\u00e1s, supone una manera m\u00e1s econ\u00f3mica de jugar f\u00fatbol sobre c\u00e9sped, porque requiere un menor mantenimiento comparado con la hierba natural y por el hecho de llevar caucho, es una forma de reciclaje de las miles de toneladas de neum\u00e1ticos inservibles que se generan en el mundo.<\/p>\n<\/div><\/div><div id=\"panel-3612-1-0-1\" class=\"so-panel widget widget_black-studio-tinymce widget_black_studio_tinymce panel-last-child\" data-index=\"2\" ><h3 class=\"widget-title\">Ventajas de usar arena y caucho en canchas de f\u00fatbol sint\u00e9ticas<\/h3><div class=\"textwidget\"><p style=\"text-align: justify;\"><strong>\u272a Reproduce las prestaciones de los campos de hierba natural<\/strong><br \/>\nEl granulado de caucho reciclado y la arena se utilizan como material de relleno en canchas de f\u00fatbol sint\u00e9ticas para asegurar que el bal\u00f3n rebote y ruede adecuadamente aportando caracter\u00edsticas muy similares a las de los terrenos de juego convencionales.<\/p>\n<p style=\"text-align: justify;\"><strong>\u272a Brinda m\u00e1s comodidad y confort para los jugadores<\/strong><br \/>\nPor tratarse de un material termoestable resistente a las condiciones clim\u00e1ticas y, al mismo tiempo, de un excelente aislante para eliminar la electricidad est\u00e1tica de las fibras de pl\u00e1stico, y gracias tambi\u00e9n a su alta elasticidad, el caucho granulado proporciona una sensaci\u00f3n de comodidad y confort que gusta mucho a los jugadores en estos terrenos de juego.<\/p>\n<p style=\"text-align: justify;\"><strong>\u272a Mantiene el c\u00e9sped vertical<\/strong><br \/>\nEl relleno de arena y caucho en canchas de f\u00fatbol sint\u00e9ticas sirve, adem\u00e1s, para mantener la verticalidad de las fibras de pl\u00e1stico del c\u00e9sped sint\u00e9tico, ya que las fibras al ser altas requieren alg\u00fan soporte que le d\u00e9 cierto grado de rigidez.<\/p>\n<p style=\"text-align: justify;\"><strong>\u272a Cuida el medio ambiente<\/strong><br \/>\nEl caucho granulado proviene de miles de neum\u00e1ticos que se desechan diariamente en el mundo, este es reutilizado evitando as\u00ed un grave problema ambiental y de salud p\u00fablica. No debemos olvidar que el neum\u00e1tico puede tardar hasta diez siglos en degradarse y desaparecer de la naturaleza.<\/p>\n<\/div><\/div><\/div><\/div><div id=\"pg-3612-2\"  class=\"panel-grid panel-no-style\" ><div id=\"pgc-3612-2-0\"  class=\"panel-grid-cell\" ><div id=\"panel-3612-2-0-0\" class=\"so-panel widget widget_black-studio-tinymce widget_black_studio_tinymce panel-first-child panel-last-child\" data-index=\"3\" ><div class=\"textwidget\"><p style=\"text-align: justify;\"><strong>\u272a Previene el riesgo de lesiones en los jugadores<\/strong><br \/>\nUna de las razones m\u00e1s importantes del uso de la arena y caucho en canchas de f\u00fatbol sint\u00e9ticas es que previene el riego a lesiones en los jugadores ya que tienen gran capacidad de absorber los impactos. As\u00ed mismo, el caucho favorece el deslizamiento sobre el terreno de juego, evitando raspones y quemaduras indeseadas.<\/p>\n<p style=\"text-align: justify;\"><strong>\u272a Uso recomendado por la FIFA<\/strong><br \/>\nLa arena y caucho hacen parte del concepto de la mayor\u00eda de los sistemas actuales de los campos de f\u00fatbol de c\u00e9sped sint\u00e9tico, seg\u00fan la FIFA este sistema se basa en una alfombra de c\u00e9sped artificial con fibras largas semejantes a la hierba natural, y granos de arena y caucho esparcidos por toda la superficie.<\/p>\n<\/div><\/div><\/div><div id=\"pgc-3612-2-1\"  class=\"panel-grid-cell\" ><div id=\"panel-3612-2-1-0\" class=\"so-panel widget widget_media_image panel-first-child panel-last-child\" data-index=\"4\" ><img width=\"554\" height=\"431\" src=\"https:\/\/www.distribuidorarspty.com\/wp-content\/uploads\/2022\/06\/arwnas-relleno.jpg\" class=\"image wp-image-4151  attachment-full size-full\" alt=\"\" loading=\"lazy\" style=\"max-width: 100%; height: auto;\" srcset=\"https:\/\/www.distribuidorarspty.com\/wp-content\/uploads\/2022\/06\/arwnas-relleno.jpg 554w, https:\/\/www.distribuidorarspty.com\/wp-content\/uploads\/2022\/06\/arwnas-relleno-300x233.jpg 300w\" sizes=\"(max-width: 554px) 100vw, 554px\" \/><\/div><\/div><\/div><div id=\"pg-3612-3\"  class=\"panel-grid panel-no-style\" ><div id=\"pgc-3612-3-0\"  class=\"panel-grid-cell\" ><div id=\"panel-3612-3-0-0\" class=\"so-panel widget widget_text panel-first-child panel-last-child\" data-index=\"5\" ><h3 class=\"widget-title\">PROVEEDORES<\/h3>\t\t\t<div class=\"textwidget\"><div class=\"logo-panel\">\n<div class=\"row\">\n<div class=\"col-xs-1 col-sm-4\"><img src=\"https:\/\/www.distribuidorarspty.com\/wp-content\/uploads\/2022\/06\/logo03.jpg\" alt=\"Brands\" \/><\/div>\n<\/div>\n<\/div>\n<\/div>\n\t\t<\/div><\/div><\/div><\/div>","protected":false},"excerpt":{"rendered":"<p>We can execute complex kitchen remodelling projects that suit.<\/p>\n","protected":false},"author":2,"featured_media":4139,"parent":2152,"menu_order":16,"comment_status":"closed","ping_status":"closed","template":"","meta":{"_coblocks_attr":"","_coblocks_dimensions":"","_coblocks_responsive_height":"","_coblocks_accordion_ie_support":""},"categories":[110],"tags":[111,112],"acf":[],"_links":{"self":[{"href":"https:\/\/www.distribuidorarspty.com\/index.php?rest_route=\/wp\/v2\/pages\/3612"}],"collection":[{"href":"https:\/\/www.distribuidorarspty.com\/index.php?rest_route=\/wp\/v2\/pages"}],"about":[{"href":"https:\/\/www.distribuidorarspty.com\/index.php?rest_route=\/wp\/v2\/types\/page"}],"author":[{"embeddable":true,"href":"https:\/\/www.distribuidorarspty.com\/index.php?rest_route=\/wp\/v2\/users\/2"}],"replies":[{"embeddable":true,"href":"https:\/\/www.distribuidorarspty.com\/index.php?rest_route=%2Fwp%2Fv2%2Fcomments&post=3612"}],"version-history":[{"count":35,"href":"https:\/\/www.distribuidorarspty.com\/index.php?rest_route=\/wp\/v2\/pages\/3612\/revisions"}],"predecessor-version":[{"id":4171,"href":"https:\/\/www.distribuidorarspty.com\/index.php?rest_route=\/wp\/v2\/pages\/3612\/revisions\/4171"}],"up":[{"embeddable":true,"href":"https:\/\/www.distribuidorarspty.com\/index.php?rest_route=\/wp\/v2\/pages\/2152"}],"wp:featuredmedia":[{"embeddable":true,"href":"https:\/\/www.distribuidorarspty.com\/index.php?rest_route=\/wp\/v2\/media\/4139"}],"wp:attachment":[{"href":"https:\/\/www.distribuidorarspty.com\/index.php?rest_route=%2Fwp%2Fv2%2Fmedia&parent=3612"}],"wp:term":[{"taxonomy":"category","embeddable":true,"href":"https:\/\/www.distribuidorarspty.com\/index.php?rest_route=%2Fwp%2Fv2%2Fcategories&post=3612"},{"taxonomy":"post_tag","embeddable":true,"href":"https:\/\/www.distribuidorarspty.com\/index.php?rest_route=%2Fwp%2Fv2%2Ftags&post=3612"}],"curies":[{"name":"wp","href":"https:\/\/api.w.org\/{rel}","templated":true}]}}