{"id":4217,"date":"2022-05-08T07:34:29","date_gmt":"2022-05-08T12:34:29","guid":{"rendered":"https:\/\/www.distribuidorarspty.com\/?page_id=4217"},"modified":"2022-07-28T19:03:00","modified_gmt":"2022-07-29T00:03:00","slug":"pisos_deportivos","status":"publish","type":"page","link":"https:\/\/www.distribuidorarspty.com\/?page_id=4217","title":{"rendered":"Pisos Deportivos Modulares"},"content":{"rendered":"<div id=\"pl-4217\"  class=\"panel-layout\" ><div id=\"pg-4217-0\"  class=\"panel-grid panel-no-style\" ><div id=\"pgc-4217-0-0\"  class=\"panel-grid-cell\" ><div id=\"panel-4217-0-0-0\" class=\"so-panel widget widget_media_image panel-first-child panel-last-child\" data-index=\"0\" ><img width=\"1920\" height=\"580\" src=\"https:\/\/www.distribuidorarspty.com\/wp-content\/uploads\/2022\/06\/home02.jpg\" class=\"image wp-image-3409  attachment-full size-full\" alt=\"\" loading=\"lazy\" style=\"max-width: 100%; height: auto;\" srcset=\"https:\/\/www.distribuidorarspty.com\/wp-content\/uploads\/2022\/06\/home02.jpg 1920w, https:\/\/www.distribuidorarspty.com\/wp-content\/uploads\/2022\/06\/home02-300x91.jpg 300w, https:\/\/www.distribuidorarspty.com\/wp-content\/uploads\/2022\/06\/home02-1024x309.jpg 1024w, https:\/\/www.distribuidorarspty.com\/wp-content\/uploads\/2022\/06\/home02-768x232.jpg 768w, https:\/\/www.distribuidorarspty.com\/wp-content\/uploads\/2022\/06\/home02-1536x464.jpg 1536w, https:\/\/www.distribuidorarspty.com\/wp-content\/uploads\/2022\/06\/home02-960x290.jpg 960w, https:\/\/www.distribuidorarspty.com\/wp-content\/uploads\/2022\/06\/home02-480x145.jpg 480w, https:\/\/www.distribuidorarspty.com\/wp-content\/uploads\/2022\/06\/home02-555x168.jpg 555w, https:\/\/www.distribuidorarspty.com\/wp-content\/uploads\/2022\/06\/home02-600x181.jpg 600w\" sizes=\"(max-width: 1920px) 100vw, 1920px\" \/><\/div><\/div><\/div><div id=\"pg-4217-1\"  class=\"panel-grid panel-no-style\" ><div id=\"pgc-4217-1-0\"  class=\"panel-grid-cell\" ><div id=\"panel-4217-1-0-0\" class=\"so-panel widget widget_black-studio-tinymce widget_black_studio_tinymce panel-first-child panel-last-child\" data-index=\"1\" ><div class=\"textwidget\"><p style=\"text-align: JUSTIFY;\">El piso de un espacio deportivo es el elemento m\u00e1s importante en un \u00e1rea dedicada al deporte cuando se trata de la seguridad, la comodidad y la integridad f\u00edsica de atletas y deportistas.<\/p>\n<p style=\"text-align: JUSTIFY;\">Los suelos deportivos modulares brindan una de las mejores opciones para obtener un suelo de nivel profesional ya se complementan: sus pantallas o bases innovadoras que mejoran las caracter\u00edsticas de los propios m\u00f3dulos. Comodidad extra, estabilidad uniforme y mejor amortiguaci\u00f3n lateral y vertical.<\/p>\n<p style=\"text-align: JUSTIFY;\">Los suelos modulares son la opci\u00f3n que ofrece la mejor relaci\u00f3n precio calidad al presentar una duraci\u00f3n de al menos 15 a\u00f1os con un muy bajo mantenimiento anual y mantiene un aspecto de calidad durante toda su vida \u00fatil.<\/p>\n<\/div><\/div><\/div><\/div><div id=\"pg-4217-2\"  class=\"panel-grid panel-no-style\" ><div id=\"pgc-4217-2-0\"  class=\"panel-grid-cell\" ><div id=\"panel-4217-2-0-0\" class=\"so-panel widget widget_black-studio-tinymce widget_black_studio_tinymce panel-first-child panel-last-child\" data-index=\"2\" ><h3 class=\"widget-title\">Pisos modulares<\/h3><div class=\"textwidget\"><p style=\"text-align: JUSTIFY;\">Los pisos modulares son en la actualidad la superficie deportiva ideal para la instalaci\u00f3n de \u00e1reas deportivas duraderas en el tiempo con muy bajo costo de mantenimiento.<\/p>\n<p style=\"text-align: JUSTIFY;\">Su estructura y materiales resistentes al uso intensivo y al clima logran una superficie de alta resistencia al igual que su sistema modular permite y el reemplazo de las l\u00e1minas deterioradas sin necesidad de rehacer toda la superficie, estas caracter\u00edsticas hacen que sea la mejor superficie que se puede instalar, tomando en consideraci\u00f3n la calidad precio para canchas de uso comunal, colegios, barriadas, clubes sociales entre otros.<\/p>\n<\/div><\/div><\/div><\/div><div id=\"pg-4217-3\"  class=\"panel-grid panel-has-style\" ><div class=\"siteorigin-panels-stretch panel-row-style panel-row-style-for-4217-3\" data-stretch-type=\"full\" ><div id=\"pgc-4217-3-0\"  class=\"panel-grid-cell\" ><div id=\"panel-4217-3-0-0\" class=\"so-panel widget widget_media_gallery panel-first-child\" data-index=\"3\" ><div class=\"panel-widget-style panel-widget-style-for-4217-3-0-0\" ><div id='gallery-1' class='gallery galleryid-4217 gallery-columns-5 gallery-size-thumbnail'><figure class='gallery-item'>\n\t\t\t<div class='gallery-icon portrait'>\n\t\t\t\t<a href='https:\/\/www.distribuidorarspty.com\/?attachment_id=4038'><img width=\"150\" height=\"150\" src=\"https:\/\/www.distribuidorarspty.com\/wp-content\/uploads\/2022\/06\/24-2-150x150.jpg\" class=\"attachment-thumbnail size-thumbnail\" alt=\"\" loading=\"lazy\" srcset=\"https:\/\/www.distribuidorarspty.com\/wp-content\/uploads\/2022\/06\/24-2-150x150.jpg 150w, https:\/\/www.distribuidorarspty.com\/wp-content\/uploads\/2022\/06\/24-2-300x300.jpg 300w, https:\/\/www.distribuidorarspty.com\/wp-content\/uploads\/2022\/06\/24-2-100x100.jpg 100w\" sizes=\"(max-width: 150px) 100vw, 150px\" \/><\/a>\n\t\t\t<\/div><\/figure><figure class='gallery-item'>\n\t\t\t<div class='gallery-icon landscape'>\n\t\t\t\t<a href='https:\/\/www.distribuidorarspty.com\/?attachment_id=4040'><img width=\"150\" height=\"150\" src=\"https:\/\/www.distribuidorarspty.com\/wp-content\/uploads\/2022\/06\/24-4-150x150.jpg\" class=\"attachment-thumbnail size-thumbnail\" alt=\"\" loading=\"lazy\" srcset=\"https:\/\/www.distribuidorarspty.com\/wp-content\/uploads\/2022\/06\/24-4-150x150.jpg 150w, https:\/\/www.distribuidorarspty.com\/wp-content\/uploads\/2022\/06\/24-4-300x300.jpg 300w, https:\/\/www.distribuidorarspty.com\/wp-content\/uploads\/2022\/06\/24-4-100x100.jpg 100w\" sizes=\"(max-width: 150px) 100vw, 150px\" \/><\/a>\n\t\t\t<\/div><\/figure><figure class='gallery-item'>\n\t\t\t<div class='gallery-icon landscape'>\n\t\t\t\t<a href='https:\/\/www.distribuidorarspty.com\/?attachment_id=3819'><img width=\"150\" height=\"150\" src=\"https:\/\/www.distribuidorarspty.com\/wp-content\/uploads\/2022\/06\/02-7-150x150.jpg\" class=\"attachment-thumbnail size-thumbnail\" alt=\"\" loading=\"lazy\" srcset=\"https:\/\/www.distribuidorarspty.com\/wp-content\/uploads\/2022\/06\/02-7-150x150.jpg 150w, https:\/\/www.distribuidorarspty.com\/wp-content\/uploads\/2022\/06\/02-7-300x300.jpg 300w, https:\/\/www.distribuidorarspty.com\/wp-content\/uploads\/2022\/06\/02-7.jpg 1024w, https:\/\/www.distribuidorarspty.com\/wp-content\/uploads\/2022\/06\/02-7-768x768.jpg 768w, https:\/\/www.distribuidorarspty.com\/wp-content\/uploads\/2022\/06\/02-7-555x555.jpg 555w, https:\/\/www.distribuidorarspty.com\/wp-content\/uploads\/2022\/06\/02-7-600x600.jpg 600w, https:\/\/www.distribuidorarspty.com\/wp-content\/uploads\/2022\/06\/02-7-100x100.jpg 100w\" sizes=\"(max-width: 150px) 100vw, 150px\" \/><\/a>\n\t\t\t<\/div><\/figure><figure class='gallery-item'>\n\t\t\t<div class='gallery-icon landscape'>\n\t\t\t\t<a href='https:\/\/www.distribuidorarspty.com\/?attachment_id=3378'><img width=\"150\" height=\"150\" src=\"https:\/\/www.distribuidorarspty.com\/wp-content\/uploads\/2014\/10\/138721804_576497639959388_6990867827028358256_n-150x150.jpg\" class=\"attachment-thumbnail size-thumbnail\" alt=\"\" loading=\"lazy\" srcset=\"https:\/\/www.distribuidorarspty.com\/wp-content\/uploads\/2014\/10\/138721804_576497639959388_6990867827028358256_n-150x150.jpg 150w, https:\/\/www.distribuidorarspty.com\/wp-content\/uploads\/2014\/10\/138721804_576497639959388_6990867827028358256_n-300x300.jpg 300w, https:\/\/www.distribuidorarspty.com\/wp-content\/uploads\/2014\/10\/138721804_576497639959388_6990867827028358256_n-1024x1024.jpg 1024w, https:\/\/www.distribuidorarspty.com\/wp-content\/uploads\/2014\/10\/138721804_576497639959388_6990867827028358256_n-768x768.jpg 768w, https:\/\/www.distribuidorarspty.com\/wp-content\/uploads\/2014\/10\/138721804_576497639959388_6990867827028358256_n-555x555.jpg 555w, https:\/\/www.distribuidorarspty.com\/wp-content\/uploads\/2014\/10\/138721804_576497639959388_6990867827028358256_n-600x600.jpg 600w, https:\/\/www.distribuidorarspty.com\/wp-content\/uploads\/2014\/10\/138721804_576497639959388_6990867827028358256_n-100x100.jpg 100w, https:\/\/www.distribuidorarspty.com\/wp-content\/uploads\/2014\/10\/138721804_576497639959388_6990867827028358256_n.jpg 1080w\" sizes=\"(max-width: 150px) 100vw, 150px\" \/><\/a>\n\t\t\t<\/div><\/figure><figure class='gallery-item'>\n\t\t\t<div class='gallery-icon landscape'>\n\t\t\t\t<a href='https:\/\/www.distribuidorarspty.com\/?attachment_id=3377'><img width=\"150\" height=\"150\" src=\"https:\/\/www.distribuidorarspty.com\/wp-content\/uploads\/2014\/10\/138445240_454241428910060_5248310377010290644_n-150x150.jpg\" class=\"attachment-thumbnail size-thumbnail\" alt=\"\" loading=\"lazy\" srcset=\"https:\/\/www.distribuidorarspty.com\/wp-content\/uploads\/2014\/10\/138445240_454241428910060_5248310377010290644_n-150x150.jpg 150w, https:\/\/www.distribuidorarspty.com\/wp-content\/uploads\/2014\/10\/138445240_454241428910060_5248310377010290644_n-300x300.jpg 300w, https:\/\/www.distribuidorarspty.com\/wp-content\/uploads\/2014\/10\/138445240_454241428910060_5248310377010290644_n.jpg 1024w, https:\/\/www.distribuidorarspty.com\/wp-content\/uploads\/2014\/10\/138445240_454241428910060_5248310377010290644_n-768x768.jpg 768w, https:\/\/www.distribuidorarspty.com\/wp-content\/uploads\/2014\/10\/138445240_454241428910060_5248310377010290644_n-555x555.jpg 555w, https:\/\/www.distribuidorarspty.com\/wp-content\/uploads\/2014\/10\/138445240_454241428910060_5248310377010290644_n-600x600.jpg 600w, https:\/\/www.distribuidorarspty.com\/wp-content\/uploads\/2014\/10\/138445240_454241428910060_5248310377010290644_n-100x100.jpg 100w\" sizes=\"(max-width: 150px) 100vw, 150px\" \/><\/a>\n\t\t\t<\/div><\/figure><figure class='gallery-item'>\n\t\t\t<div class='gallery-icon landscape'>\n\t\t\t\t<a href='https:\/\/www.distribuidorarspty.com\/?attachment_id=3376'><img width=\"150\" height=\"150\" src=\"https:\/\/www.distribuidorarspty.com\/wp-content\/uploads\/2014\/10\/138248667_124248946208899_243560826541704395_n-150x150.jpg\" class=\"attachment-thumbnail size-thumbnail\" alt=\"\" loading=\"lazy\" srcset=\"https:\/\/www.distribuidorarspty.com\/wp-content\/uploads\/2014\/10\/138248667_124248946208899_243560826541704395_n-150x150.jpg 150w, https:\/\/www.distribuidorarspty.com\/wp-content\/uploads\/2014\/10\/138248667_124248946208899_243560826541704395_n-300x300.jpg 300w, https:\/\/www.distribuidorarspty.com\/wp-content\/uploads\/2014\/10\/138248667_124248946208899_243560826541704395_n-1024x1024.jpg 1024w, https:\/\/www.distribuidorarspty.com\/wp-content\/uploads\/2014\/10\/138248667_124248946208899_243560826541704395_n-768x768.jpg 768w, https:\/\/www.distribuidorarspty.com\/wp-content\/uploads\/2014\/10\/138248667_124248946208899_243560826541704395_n-555x555.jpg 555w, https:\/\/www.distribuidorarspty.com\/wp-content\/uploads\/2014\/10\/138248667_124248946208899_243560826541704395_n-600x600.jpg 600w, https:\/\/www.distribuidorarspty.com\/wp-content\/uploads\/2014\/10\/138248667_124248946208899_243560826541704395_n-100x100.jpg 100w, https:\/\/www.distribuidorarspty.com\/wp-content\/uploads\/2014\/10\/138248667_124248946208899_243560826541704395_n.jpg 1080w\" sizes=\"(max-width: 150px) 100vw, 150px\" \/><\/a>\n\t\t\t<\/div><\/figure><figure class='gallery-item'>\n\t\t\t<div class='gallery-icon landscape'>\n\t\t\t\t<a href='https:\/\/www.distribuidorarspty.com\/?attachment_id=3373'><img width=\"150\" height=\"150\" src=\"https:\/\/www.distribuidorarspty.com\/wp-content\/uploads\/2014\/10\/137579642_3471038279661986_5645467565753833212_n-150x150.jpg\" class=\"attachment-thumbnail size-thumbnail\" alt=\"\" loading=\"lazy\" srcset=\"https:\/\/www.distribuidorarspty.com\/wp-content\/uploads\/2014\/10\/137579642_3471038279661986_5645467565753833212_n-150x150.jpg 150w, https:\/\/www.distribuidorarspty.com\/wp-content\/uploads\/2014\/10\/137579642_3471038279661986_5645467565753833212_n-300x300.jpg 300w, https:\/\/www.distribuidorarspty.com\/wp-content\/uploads\/2014\/10\/137579642_3471038279661986_5645467565753833212_n-1024x1024.jpg 1024w, https:\/\/www.distribuidorarspty.com\/wp-content\/uploads\/2014\/10\/137579642_3471038279661986_5645467565753833212_n-768x768.jpg 768w, https:\/\/www.distribuidorarspty.com\/wp-content\/uploads\/2014\/10\/137579642_3471038279661986_5645467565753833212_n-555x555.jpg 555w, https:\/\/www.distribuidorarspty.com\/wp-content\/uploads\/2014\/10\/137579642_3471038279661986_5645467565753833212_n-600x600.jpg 600w, https:\/\/www.distribuidorarspty.com\/wp-content\/uploads\/2014\/10\/137579642_3471038279661986_5645467565753833212_n-100x100.jpg 100w, https:\/\/www.distribuidorarspty.com\/wp-content\/uploads\/2014\/10\/137579642_3471038279661986_5645467565753833212_n.jpg 1080w\" sizes=\"(max-width: 150px) 100vw, 150px\" \/><\/a>\n\t\t\t<\/div><\/figure><figure class='gallery-item'>\n\t\t\t<div class='gallery-icon landscape'>\n\t\t\t\t<a href='https:\/\/www.distribuidorarspty.com\/?attachment_id=3374'><img width=\"150\" height=\"150\" src=\"https:\/\/www.distribuidorarspty.com\/wp-content\/uploads\/2014\/10\/137663534_111407647529594_6688487056802777370_n-150x150.jpg\" class=\"attachment-thumbnail size-thumbnail\" alt=\"\" loading=\"lazy\" srcset=\"https:\/\/www.distribuidorarspty.com\/wp-content\/uploads\/2014\/10\/137663534_111407647529594_6688487056802777370_n-150x150.jpg 150w, https:\/\/www.distribuidorarspty.com\/wp-content\/uploads\/2014\/10\/137663534_111407647529594_6688487056802777370_n-300x300.jpg 300w, https:\/\/www.distribuidorarspty.com\/wp-content\/uploads\/2014\/10\/137663534_111407647529594_6688487056802777370_n-1024x1024.jpg 1024w, https:\/\/www.distribuidorarspty.com\/wp-content\/uploads\/2014\/10\/137663534_111407647529594_6688487056802777370_n-768x768.jpg 768w, https:\/\/www.distribuidorarspty.com\/wp-content\/uploads\/2014\/10\/137663534_111407647529594_6688487056802777370_n-555x555.jpg 555w, https:\/\/www.distribuidorarspty.com\/wp-content\/uploads\/2014\/10\/137663534_111407647529594_6688487056802777370_n-600x600.jpg 600w, https:\/\/www.distribuidorarspty.com\/wp-content\/uploads\/2014\/10\/137663534_111407647529594_6688487056802777370_n-100x100.jpg 100w, https:\/\/www.distribuidorarspty.com\/wp-content\/uploads\/2014\/10\/137663534_111407647529594_6688487056802777370_n.jpg 1080w\" sizes=\"(max-width: 150px) 100vw, 150px\" \/><\/a>\n\t\t\t<\/div><\/figure>\n\t\t<\/div>\n<\/div><\/div><div id=\"panel-4217-3-0-1\" class=\"so-panel widget widget_sow-button panel-last-child\" data-index=\"4\" ><div class=\"panel-widget-style panel-widget-style-for-4217-3-0-1\" ><div\n\t\t\t\n\t\t\tclass=\"so-widget-sow-button so-widget-sow-button-atom-7bdc1a3b2846-4217\"\n\t\t\t\n\t\t><div class=\"ow-button-base ow-button-align-left\">\n\t<a href=\"https:\/\/www.distribuidorarspty.com\/?product=pisos-modulares-deportivos\" class=\"ow-icon-placement-top ow-button-hover\" target=\"_blank\" rel=\"noopener noreferrer\" \t\t>\n\t\t<span>\n\t\t\t\n\t\t\tVER PRODUCTO EN TIENDA\t\t<\/span>\n\t<\/a>\n<\/div>\n<\/div><\/div><\/div><\/div><\/div><\/div><div id=\"pg-4217-4\"  class=\"panel-grid panel-no-style\" ><div id=\"pgc-4217-4-0\"  class=\"panel-grid-cell\" ><div id=\"panel-4217-4-0-0\" class=\"so-panel widget widget_text panel-first-child panel-last-child\" data-index=\"5\" ><h3 class=\"widget-title\">Te ofrecemos:<\/h3>\t\t\t<div class=\"textwidget\"><h5><strong><span style=\"color: #333333;\">\u272a\u00a0 <\/span><\/strong>Venta de pisos modulares.<\/h5>\n<h5><strong><span style=\"color: #333333;\">\u272a\u00a0 <\/span><\/strong>Instalaci\u00f3n de pisos modulares.<\/h5>\n<h5><strong><span style=\"color: #333333;\">\u272a\u00a0 <\/span><\/strong>Asesor\u00eda.<\/h5>\n<\/div>\n\t\t<\/div><\/div><\/div><div id=\"pg-4217-5\"  class=\"panel-grid panel-no-style\" ><div id=\"pgc-4217-5-0\"  class=\"panel-grid-cell\" ><div id=\"panel-4217-5-0-0\" class=\"so-panel widget widget_text panel-first-child panel-last-child\" data-index=\"6\" ><h3 class=\"widget-title\">Proveedores<\/h3>\t\t\t<div class=\"textwidget\"><div class=\"logo-panel\">\n<div class=\"row\">\n<div class=\"col-xs-1 col-sm-4\"><img src=\"https:\/\/www.distribuidorarspty.com\/wp-content\/uploads\/2022\/06\/logo04.jpg\" alt=\"Brands\" \/><\/div>\n<\/div>\n<\/div>\n<\/div>\n\t\t<\/div><\/div><\/div><\/div>","protected":false},"excerpt":{"rendered":"<p>Especializados en la seguridad, comodidad e integridad f\u00edsica de atletas y deportistas.<\/p>\n","protected":false},"author":2,"featured_media":4038,"parent":2152,"menu_order":15,"comment_status":"closed","ping_status":"closed","template":"","meta":{"_coblocks_attr":"","_coblocks_dimensions":"","_coblocks_responsive_height":"","_coblocks_accordion_ie_support":""},"categories":[68],"tags":[],"acf":[],"_links":{"self":[{"href":"https:\/\/www.distribuidorarspty.com\/index.php?rest_route=\/wp\/v2\/pages\/4217"}],"collection":[{"href":"https:\/\/www.distribuidorarspty.com\/index.php?rest_route=\/wp\/v2\/pages"}],"about":[{"href":"https:\/\/www.distribuidorarspty.com\/index.php?rest_route=\/wp\/v2\/types\/page"}],"author":[{"embeddable":true,"href":"https:\/\/www.distribuidorarspty.com\/index.php?rest_route=\/wp\/v2\/users\/2"}],"replies":[{"embeddable":true,"href":"https:\/\/www.distribuidorarspty.com\/index.php?rest_route=%2Fwp%2Fv2%2Fcomments&post=4217"}],"version-history":[{"count":62,"href":"https:\/\/www.distribuidorarspty.com\/index.php?rest_route=\/wp\/v2\/pages\/4217\/revisions"}],"predecessor-version":[{"id":4260,"href":"https:\/\/www.distribuidorarspty.com\/index.php?rest_route=\/wp\/v2\/pages\/4217\/revisions\/4260"}],"up":[{"embeddable":true,"href":"https:\/\/www.distribuidorarspty.com\/index.php?rest_route=\/wp\/v2\/pages\/2152"}],"wp:featuredmedia":[{"embeddable":true,"href":"https:\/\/www.distribuidorarspty.com\/index.php?rest_route=\/wp\/v2\/media\/4038"}],"wp:attachment":[{"href":"https:\/\/www.distribuidorarspty.com\/index.php?rest_route=%2Fwp%2Fv2%2Fmedia&parent=4217"}],"wp:term":[{"taxonomy":"category","embeddable":true,"href":"https:\/\/www.distribuidorarspty.com\/index.php?rest_route=%2Fwp%2Fv2%2Fcategories&post=4217"},{"taxonomy":"post_tag","embeddable":true,"href":"https:\/\/www.distribuidorarspty.com\/index.php?rest_route=%2Fwp%2Fv2%2Ftags&post=4217"}],"curies":[{"name":"wp","href":"https:\/\/api.w.org\/{rel}","templated":true}]}}