{"id":4266,"date":"2022-05-08T08:44:25","date_gmt":"2022-05-08T13:44:25","guid":{"rendered":"https:\/\/www.distribuidorarspty.com\/?page_id=4266"},"modified":"2022-07-28T20:09:58","modified_gmt":"2022-07-29T01:09:58","slug":"sistemas-de-pavimentacion-deportiva","status":"publish","type":"page","link":"https:\/\/www.distribuidorarspty.com\/?page_id=4266","title":{"rendered":"Sistemas de pavimentaci\u00f3n deportiva"},"content":{"rendered":"<div id=\"pl-4266\"  class=\"panel-layout\" ><div id=\"pg-4266-0\"  class=\"panel-grid panel-no-style\" ><div id=\"pgc-4266-0-0\"  class=\"panel-grid-cell\" ><div id=\"panel-4266-0-0-0\" class=\"so-panel widget widget_media_image panel-first-child panel-last-child\" data-index=\"0\" ><img width=\"1920\" height=\"580\" src=\"https:\/\/www.distribuidorarspty.com\/wp-content\/uploads\/2022\/06\/acrilicas.jpg\" class=\"image wp-image-4267  attachment-full size-full\" alt=\"\" loading=\"lazy\" style=\"max-width: 100%; height: auto;\" srcset=\"https:\/\/www.distribuidorarspty.com\/wp-content\/uploads\/2022\/06\/acrilicas.jpg 1920w, https:\/\/www.distribuidorarspty.com\/wp-content\/uploads\/2022\/06\/acrilicas-300x91.jpg 300w, https:\/\/www.distribuidorarspty.com\/wp-content\/uploads\/2022\/06\/acrilicas-1024x309.jpg 1024w, https:\/\/www.distribuidorarspty.com\/wp-content\/uploads\/2022\/06\/acrilicas-768x232.jpg 768w, https:\/\/www.distribuidorarspty.com\/wp-content\/uploads\/2022\/06\/acrilicas-1536x464.jpg 1536w, https:\/\/www.distribuidorarspty.com\/wp-content\/uploads\/2022\/06\/acrilicas-960x290.jpg 960w, https:\/\/www.distribuidorarspty.com\/wp-content\/uploads\/2022\/06\/acrilicas-480x145.jpg 480w, https:\/\/www.distribuidorarspty.com\/wp-content\/uploads\/2022\/06\/acrilicas-555x168.jpg 555w, https:\/\/www.distribuidorarspty.com\/wp-content\/uploads\/2022\/06\/acrilicas-600x181.jpg 600w\" sizes=\"(max-width: 1920px) 100vw, 1920px\" \/><\/div><\/div><\/div><div id=\"pg-4266-1\"  class=\"panel-grid panel-no-style\" ><div id=\"pgc-4266-1-0\"  class=\"panel-grid-cell\" ><div id=\"panel-4266-1-0-0\" class=\"so-panel widget widget_black-studio-tinymce widget_black_studio_tinymce panel-first-child panel-last-child\" data-index=\"1\" ><h3 class=\"widget-title\">Sistemas de pavimentaci\u00f3n deportiva acr\u00edlica<\/h3><div class=\"textwidget\"><p style=\"text-align: justify;\">Las superficies deportivas de resina acr\u00edlica CASALI SPORTS son resistentes a la luz ultravioleta, lo que garantiza sus colores brillantes durante a\u00f1os de juego. El suelo acr\u00edlico CASALI SPORTS est\u00e1 reforzado con materiales<br \/>\ncuidadosamente seleccionados.<\/p>\n<p style=\"text-align: justify;\">El producto es altamente resistente al desgaste, antideslizante y asegura una insuperable comodidad de juego.<\/p>\n<p style=\"text-align: justify;\">La ausencia de juntas o costuras se suma al retoque simple y econ\u00f3mico de pisos da\u00f1ados.<\/p>\n<p style=\"text-align: justify;\">Los sistemas acr\u00edlicos de CASALI SPORTS son la elecci\u00f3n perfecta para superficies deportivas de interior o exterior.<\/p>\n<p style=\"text-align: justify;\">El suelo est\u00e1 disponible en una amplia gama de colores que no solo son atractivo, sino que tambi\u00e9n permite marcar claramente juegos espec\u00edficos.<\/p>\n<p style=\"text-align: justify;\">La calidad de los sistemas acr\u00edlicos CASALI SPORTS son reconocidos por las m\u00e1s prestigiosas entidades certificadoras y federaciones deportivas internacionales.<\/p>\n<\/div><\/div><\/div><\/div><div id=\"pg-4266-2\"  class=\"panel-grid panel-no-style\" ><div id=\"pgc-4266-2-0\"  class=\"panel-grid-cell\" ><div id=\"panel-4266-2-0-0\" class=\"so-panel widget widget_media_gallery panel-first-child\" data-index=\"2\" ><div id='gallery-1' class='gallery galleryid-4266 gallery-columns-2 gallery-size-thumbnail'><figure class='gallery-item'>\n\t\t\t<div class='gallery-icon portrait'>\n\t\t\t\t<a href='https:\/\/www.distribuidorarspty.com\/wp-content\/uploads\/2022\/07\/unnamed-6.jpg'><img width=\"150\" height=\"150\" src=\"https:\/\/www.distribuidorarspty.com\/wp-content\/uploads\/2022\/07\/unnamed-6-150x150.jpg\" class=\"attachment-thumbnail size-thumbnail\" alt=\"\" loading=\"lazy\" srcset=\"https:\/\/www.distribuidorarspty.com\/wp-content\/uploads\/2022\/07\/unnamed-6-150x150.jpg 150w, https:\/\/www.distribuidorarspty.com\/wp-content\/uploads\/2022\/07\/unnamed-6-480x480.jpg 480w, https:\/\/www.distribuidorarspty.com\/wp-content\/uploads\/2022\/07\/unnamed-6-300x300.jpg 300w, https:\/\/www.distribuidorarspty.com\/wp-content\/uploads\/2022\/07\/unnamed-6-100x100.jpg 100w\" sizes=\"(max-width: 150px) 100vw, 150px\" \/><\/a>\n\t\t\t<\/div><\/figure><figure class='gallery-item'>\n\t\t\t<div class='gallery-icon portrait'>\n\t\t\t\t<a href='https:\/\/www.distribuidorarspty.com\/wp-content\/uploads\/2022\/07\/unnamed-7.jpg'><img width=\"150\" height=\"150\" src=\"https:\/\/www.distribuidorarspty.com\/wp-content\/uploads\/2022\/07\/unnamed-7-150x150.jpg\" class=\"attachment-thumbnail size-thumbnail\" alt=\"\" loading=\"lazy\" srcset=\"https:\/\/www.distribuidorarspty.com\/wp-content\/uploads\/2022\/07\/unnamed-7-150x150.jpg 150w, https:\/\/www.distribuidorarspty.com\/wp-content\/uploads\/2022\/07\/unnamed-7-480x480.jpg 480w, https:\/\/www.distribuidorarspty.com\/wp-content\/uploads\/2022\/07\/unnamed-7-300x300.jpg 300w, https:\/\/www.distribuidorarspty.com\/wp-content\/uploads\/2022\/07\/unnamed-7-100x100.jpg 100w\" sizes=\"(max-width: 150px) 100vw, 150px\" \/><\/a>\n\t\t\t<\/div><\/figure>\n\t\t<\/div>\n<\/div><div id=\"panel-4266-2-0-1\" class=\"so-panel widget widget_sow-button panel-last-child\" data-index=\"3\" ><div\n\t\t\t\n\t\t\tclass=\"so-widget-sow-button so-widget-sow-button-atom-7bdc1a3b2846-4266\"\n\t\t\t\n\t\t><div class=\"ow-button-base ow-button-align-left\">\n\t<a href=\"https:\/\/www.distribuidorarspty.com\/?product=piso-de-pintura-acrilica-con-base-soft\" class=\"ow-icon-placement-left ow-button-hover\" target=\"_blank\" rel=\"noopener noreferrer\" \t\t>\n\t\t<span>\n\t\t\t\n\t\t\tVER PRODUCTO EN TIENDA\t\t<\/span>\n\t<\/a>\n<\/div>\n<\/div><\/div><\/div><\/div><div id=\"pg-4266-3\"  class=\"panel-grid panel-no-style\" ><div id=\"pgc-4266-3-0\"  class=\"panel-grid-cell\" ><div id=\"panel-4266-3-0-0\" class=\"so-panel widget widget_black-studio-tinymce widget_black_studio_tinymce panel-first-child panel-last-child\" data-index=\"4\" ><h3 class=\"widget-title\">Sistemas de pavimentaci\u00f3n deportiva de poliuretano<\/h3><div class=\"textwidget\"><p style=\"text-align: justify;\">Las superficies deportivas realizadas con resinas poliuret\u00e1nicas son sumamente resistentes y poseen un elevado rendimiento. Esas propiedades las da el hecho de que las pavimentaciones poliuret\u00e1nicas Casali Sport, realizadas con materias primas de alta calidad, se caracterizan por grosores variables y distintos grados de elasticidad seg\u00fan el nivel de la pavimentaci\u00f3n que se tiene que realizar.<\/p>\n<p style=\"text-align: justify;\">La ausencia de juntas (monoliticidad) y la posibilidad de efectuar un retopping simple y econ\u00f3mico para rehabilitar las pavimentaciones deterioradas y desgastadas, convierten a las superficies poliuret\u00e1nicas Casali Sport en la elecci\u00f3n ideal para realizar pavimentaciones deportivas de interior\/exterior en las que la amplia gama de colores disponibles permite identificar perfectamente las \u00e1reas de juego espec\u00edficas adem\u00e1s de un rendimiento est\u00e9tico excelente.<\/p>\n<p style=\"text-align: justify;\">La calidad de las pavimentaciones poliuret\u00e1nicas Casali Sport est\u00e1 reconocida por los institutos de certificaci\u00f3n y las Federaciones Deportivas internacionales m\u00e1s prestigiosos.<\/p>\n<\/div><\/div><\/div><\/div><div id=\"pg-4266-4\"  class=\"panel-grid panel-no-style\" ><div id=\"pgc-4266-4-0\"  class=\"panel-grid-cell\" ><div id=\"panel-4266-4-0-0\" class=\"so-panel widget widget_media_gallery panel-first-child\" data-index=\"5\" ><div id='gallery-2' class='gallery galleryid-4266 gallery-columns-5 gallery-size-thumbnail'><figure class='gallery-item'>\n\t\t\t<div class='gallery-icon landscape'>\n\t\t\t\t<a href='https:\/\/www.distribuidorarspty.com\/wp-content\/uploads\/2022\/07\/unnamed-2-2.jpg'><img width=\"150\" height=\"150\" src=\"https:\/\/www.distribuidorarspty.com\/wp-content\/uploads\/2022\/07\/unnamed-2-2-150x150.jpg\" class=\"attachment-thumbnail size-thumbnail\" alt=\"\" loading=\"lazy\" srcset=\"https:\/\/www.distribuidorarspty.com\/wp-content\/uploads\/2022\/07\/unnamed-2-2-150x150.jpg 150w, https:\/\/www.distribuidorarspty.com\/wp-content\/uploads\/2022\/07\/unnamed-2-2-300x300.jpg 300w, https:\/\/www.distribuidorarspty.com\/wp-content\/uploads\/2022\/07\/unnamed-2-2-100x100.jpg 100w\" sizes=\"(max-width: 150px) 100vw, 150px\" \/><\/a>\n\t\t\t<\/div><\/figure><figure class='gallery-item'>\n\t\t\t<div class='gallery-icon landscape'>\n\t\t\t\t<a href='https:\/\/www.distribuidorarspty.com\/wp-content\/uploads\/2022\/07\/unnamed-1-1.jpg'><img width=\"150\" height=\"150\" src=\"https:\/\/www.distribuidorarspty.com\/wp-content\/uploads\/2022\/07\/unnamed-1-1-150x150.jpg\" class=\"attachment-thumbnail size-thumbnail\" alt=\"\" loading=\"lazy\" srcset=\"https:\/\/www.distribuidorarspty.com\/wp-content\/uploads\/2022\/07\/unnamed-1-1-150x150.jpg 150w, https:\/\/www.distribuidorarspty.com\/wp-content\/uploads\/2022\/07\/unnamed-1-1-300x300.jpg 300w, https:\/\/www.distribuidorarspty.com\/wp-content\/uploads\/2022\/07\/unnamed-1-1-100x100.jpg 100w, https:\/\/www.distribuidorarspty.com\/wp-content\/uploads\/2022\/07\/unnamed-1-1.jpg 480w\" sizes=\"(max-width: 150px) 100vw, 150px\" \/><\/a>\n\t\t\t<\/div><\/figure><figure class='gallery-item'>\n\t\t\t<div class='gallery-icon landscape'>\n\t\t\t\t<a href='https:\/\/www.distribuidorarspty.com\/wp-content\/uploads\/2022\/07\/unnamed-3-1.jpg'><img width=\"150\" height=\"150\" src=\"https:\/\/www.distribuidorarspty.com\/wp-content\/uploads\/2022\/07\/unnamed-3-1-150x150.jpg\" class=\"attachment-thumbnail size-thumbnail\" alt=\"\" loading=\"lazy\" srcset=\"https:\/\/www.distribuidorarspty.com\/wp-content\/uploads\/2022\/07\/unnamed-3-1-150x150.jpg 150w, https:\/\/www.distribuidorarspty.com\/wp-content\/uploads\/2022\/07\/unnamed-3-1-300x300.jpg 300w, https:\/\/www.distribuidorarspty.com\/wp-content\/uploads\/2022\/07\/unnamed-3-1-100x100.jpg 100w\" sizes=\"(max-width: 150px) 100vw, 150px\" \/><\/a>\n\t\t\t<\/div><\/figure><figure class='gallery-item'>\n\t\t\t<div class='gallery-icon landscape'>\n\t\t\t\t<a href='https:\/\/www.distribuidorarspty.com\/wp-content\/uploads\/2022\/07\/unnamed-4-1.jpg'><img width=\"150\" height=\"150\" src=\"https:\/\/www.distribuidorarspty.com\/wp-content\/uploads\/2022\/07\/unnamed-4-1-150x150.jpg\" class=\"attachment-thumbnail size-thumbnail\" alt=\"\" loading=\"lazy\" srcset=\"https:\/\/www.distribuidorarspty.com\/wp-content\/uploads\/2022\/07\/unnamed-4-1-150x150.jpg 150w, https:\/\/www.distribuidorarspty.com\/wp-content\/uploads\/2022\/07\/unnamed-4-1-300x300.jpg 300w, https:\/\/www.distribuidorarspty.com\/wp-content\/uploads\/2022\/07\/unnamed-4-1-100x100.jpg 100w\" sizes=\"(max-width: 150px) 100vw, 150px\" \/><\/a>\n\t\t\t<\/div><\/figure><figure class='gallery-item'>\n\t\t\t<div class='gallery-icon landscape'>\n\t\t\t\t<a href='https:\/\/www.distribuidorarspty.com\/wp-content\/uploads\/2022\/07\/unnamed-5-1.jpg'><img width=\"150\" height=\"150\" src=\"https:\/\/www.distribuidorarspty.com\/wp-content\/uploads\/2022\/07\/unnamed-5-1-150x150.jpg\" class=\"attachment-thumbnail size-thumbnail\" alt=\"\" loading=\"lazy\" srcset=\"https:\/\/www.distribuidorarspty.com\/wp-content\/uploads\/2022\/07\/unnamed-5-1-150x150.jpg 150w, https:\/\/www.distribuidorarspty.com\/wp-content\/uploads\/2022\/07\/unnamed-5-1-300x300.jpg 300w, https:\/\/www.distribuidorarspty.com\/wp-content\/uploads\/2022\/07\/unnamed-5-1-100x100.jpg 100w\" sizes=\"(max-width: 150px) 100vw, 150px\" \/><\/a>\n\t\t\t<\/div><\/figure><figure class='gallery-item'>\n\t\t\t<div class='gallery-icon landscape'>\n\t\t\t\t<a href='https:\/\/www.distribuidorarspty.com\/wp-content\/uploads\/2022\/07\/unnamed-8.jpg'><img width=\"150\" height=\"150\" src=\"https:\/\/www.distribuidorarspty.com\/wp-content\/uploads\/2022\/07\/unnamed-8-150x150.jpg\" class=\"attachment-thumbnail size-thumbnail\" alt=\"\" loading=\"lazy\" srcset=\"https:\/\/www.distribuidorarspty.com\/wp-content\/uploads\/2022\/07\/unnamed-8-150x150.jpg 150w, https:\/\/www.distribuidorarspty.com\/wp-content\/uploads\/2022\/07\/unnamed-8-300x300.jpg 300w, https:\/\/www.distribuidorarspty.com\/wp-content\/uploads\/2022\/07\/unnamed-8-100x100.jpg 100w, https:\/\/www.distribuidorarspty.com\/wp-content\/uploads\/2022\/07\/unnamed-8.jpg 480w\" sizes=\"(max-width: 150px) 100vw, 150px\" \/><\/a>\n\t\t\t<\/div><\/figure>\n\t\t<\/div>\n<\/div><div id=\"panel-4266-4-0-1\" class=\"so-panel widget widget_sow-button panel-last-child\" data-index=\"6\" ><div\n\t\t\t\n\t\t\tclass=\"so-widget-sow-button so-widget-sow-button-atom-7bdc1a3b2846-4266\"\n\t\t\t\n\t\t><div class=\"ow-button-base ow-button-align-left\">\n\t<a href=\"https:\/\/www.distribuidorarspty.com\/?product=pisos-de-poliuretano-con-base-de-caucho\" class=\"ow-icon-placement-left ow-button-hover\" target=\"_blank\" rel=\"noopener noreferrer\" \t\t>\n\t\t<span>\n\t\t\t\n\t\t\tVER PRODUCTO EN TIENDA\t\t<\/span>\n\t<\/a>\n<\/div>\n<\/div><\/div><\/div><\/div><div id=\"pg-4266-5\"  class=\"panel-grid panel-no-style\" ><div id=\"pgc-4266-5-0\"  class=\"panel-grid-cell\" ><div id=\"panel-4266-5-0-0\" class=\"so-panel widget widget_text panel-first-child panel-last-child\" data-index=\"7\" ><h3 class=\"widget-title\">Te ofrecemos:<\/h3>\t\t\t<div class=\"textwidget\"><h5><strong><span style=\"color: #333333;\">\u272a\u00a0 <\/span><\/strong>Venta de sistema de pavimentaci\u00f3n de la marca CASALI SPORTS.<\/h5>\n<h5><strong><span style=\"color: #333333;\">\u272a\u00a0 <\/span><\/strong>Instalaci\u00f3n completa.<\/h5>\n<h5><strong><span style=\"color: #333333;\">\u272a\u00a0 <\/span><\/strong>Asesor\u00eda.<\/h5>\n<\/div>\n\t\t<\/div><\/div><\/div><div id=\"pg-4266-6\"  class=\"panel-grid panel-no-style\" ><div id=\"pgc-4266-6-0\"  class=\"panel-grid-cell\" ><div id=\"panel-4266-6-0-0\" class=\"so-panel widget widget_text panel-first-child panel-last-child\" data-index=\"8\" ><h3 class=\"widget-title\">Proveedores<\/h3>\t\t\t<div class=\"textwidget\"><div class=\"logo-panel\">\n<div class=\"row\">\n<div class=\"col-xs-1 col-sm-4\"><img src=\"https:\/\/www.distribuidorarspty.com\/wp-content\/uploads\/2022\/06\/logo05.jpg\" alt=\"Brands\" \/><\/div>\n<\/div>\n<\/div>\n<\/div>\n\t\t<\/div><\/div><\/div><\/div>","protected":false},"excerpt":{"rendered":"<p>Pavimentaci\u00f3n acr\u00edlica y de poliuretano<\/p>\n","protected":false},"author":2,"featured_media":4267,"parent":2152,"menu_order":15,"comment_status":"closed","ping_status":"closed","template":"","meta":{"_coblocks_attr":"","_coblocks_dimensions":"","_coblocks_responsive_height":"","_coblocks_accordion_ie_support":""},"categories":[114],"tags":[],"acf":[],"_links":{"self":[{"href":"https:\/\/www.distribuidorarspty.com\/index.php?rest_route=\/wp\/v2\/pages\/4266"}],"collection":[{"href":"https:\/\/www.distribuidorarspty.com\/index.php?rest_route=\/wp\/v2\/pages"}],"about":[{"href":"https:\/\/www.distribuidorarspty.com\/index.php?rest_route=\/wp\/v2\/types\/page"}],"author":[{"embeddable":true,"href":"https:\/\/www.distribuidorarspty.com\/index.php?rest_route=\/wp\/v2\/users\/2"}],"replies":[{"embeddable":true,"href":"https:\/\/www.distribuidorarspty.com\/index.php?rest_route=%2Fwp%2Fv2%2Fcomments&post=4266"}],"version-history":[{"count":29,"href":"https:\/\/www.distribuidorarspty.com\/index.php?rest_route=\/wp\/v2\/pages\/4266\/revisions"}],"predecessor-version":[{"id":4453,"href":"https:\/\/www.distribuidorarspty.com\/index.php?rest_route=\/wp\/v2\/pages\/4266\/revisions\/4453"}],"up":[{"embeddable":true,"href":"https:\/\/www.distribuidorarspty.com\/index.php?rest_route=\/wp\/v2\/pages\/2152"}],"wp:featuredmedia":[{"embeddable":true,"href":"https:\/\/www.distribuidorarspty.com\/index.php?rest_route=\/wp\/v2\/media\/4267"}],"wp:attachment":[{"href":"https:\/\/www.distribuidorarspty.com\/index.php?rest_route=%2Fwp%2Fv2%2Fmedia&parent=4266"}],"wp:term":[{"taxonomy":"category","embeddable":true,"href":"https:\/\/www.distribuidorarspty.com\/index.php?rest_route=%2Fwp%2Fv2%2Fcategories&post=4266"},{"taxonomy":"post_tag","embeddable":true,"href":"https:\/\/www.distribuidorarspty.com\/index.php?rest_route=%2Fwp%2Fv2%2Ftags&post=4266"}],"curies":[{"name":"wp","href":"https:\/\/api.w.org\/{rel}","templated":true}]}}