{"id":4298,"date":"2022-05-08T09:34:16","date_gmt":"2022-05-08T14:34:16","guid":{"rendered":"https:\/\/www.distribuidorarspty.com\/?page_id=4298"},"modified":"2022-06-08T10:22:42","modified_gmt":"2022-06-08T15:22:42","slug":"pisos-de-caucho-epdm-granulado","status":"publish","type":"page","link":"https:\/\/www.distribuidorarspty.com\/?page_id=4298","title":{"rendered":"Pisos de caucho granulado EPDM"},"content":{"rendered":"<div id=\"pl-4298\"  class=\"panel-layout\" ><div id=\"pg-4298-0\"  class=\"panel-grid panel-no-style\" ><div id=\"pgc-4298-0-0\"  class=\"panel-grid-cell\" ><div id=\"panel-4298-0-0-0\" class=\"so-panel widget widget_media_image panel-first-child panel-last-child\" data-index=\"0\" ><img width=\"848\" height=\"480\" src=\"https:\/\/www.distribuidorarspty.com\/wp-content\/uploads\/2022\/06\/recreativos-1.jpg\" class=\"image wp-image-3492  attachment-full size-full\" alt=\"\" loading=\"lazy\" style=\"max-width: 100%; height: auto;\" srcset=\"https:\/\/www.distribuidorarspty.com\/wp-content\/uploads\/2022\/06\/recreativos-1.jpg 848w, https:\/\/www.distribuidorarspty.com\/wp-content\/uploads\/2022\/06\/recreativos-1-300x170.jpg 300w, https:\/\/www.distribuidorarspty.com\/wp-content\/uploads\/2022\/06\/recreativos-1-768x435.jpg 768w, https:\/\/www.distribuidorarspty.com\/wp-content\/uploads\/2022\/06\/recreativos-1-555x314.jpg 555w, https:\/\/www.distribuidorarspty.com\/wp-content\/uploads\/2022\/06\/recreativos-1-600x340.jpg 600w\" sizes=\"(max-width: 848px) 100vw, 848px\" \/><\/div><\/div><\/div><div id=\"pg-4298-1\"  class=\"panel-grid panel-no-style\" ><div id=\"pgc-4298-1-0\"  class=\"panel-grid-cell\" ><div id=\"panel-4298-1-0-0\" class=\"so-panel widget widget_black-studio-tinymce widget_black_studio_tinymce panel-first-child panel-last-child\" data-index=\"1\" ><div class=\"textwidget\"><p style=\"text-align: justify;\">Pisos vaciados in-situ (en el lugar de trabajo). Caucho EPDM granulado aglomerado por resinas altamente resistente a la intemperie y rayos UV, espacios seguros y confiables para los ni\u00f1os, no t\u00f3xicos. Este sistema permite variedad en colores, formas, dise\u00f1os, dibujos, logos.<\/p>\n<p style=\"text-align: justify;\"><strong>La definici\u00f3n de EDPM por sus siglas es:<\/strong><\/p>\n<p style=\"text-align: justify;\"><strong>E: Etileno<\/strong><br \/>\n<strong>P: Propileno<\/strong><br \/>\n<strong>D: Dieno<\/strong><br \/>\n<b>M: Se refiere a su clasificaci\u00f3n en la norma ASTM D-1418, que es la norma que clasifica la nomenclatura est\u00e1ndar para caucho y l\u00e1minas de caucho. La clase \u00abM\u00bb incluye gomas que tienen una cadena saturada del tipo de polietileno.<\/b><\/p>\n<\/div><\/div><\/div><\/div><div id=\"pg-4298-2\"  class=\"panel-grid panel-has-style\" ><div class=\"siteorigin-panels-stretch panel-row-style panel-row-style-for-4298-2\" data-stretch-type=\"full\" ><div id=\"pgc-4298-2-0\"  class=\"panel-grid-cell\" ><div id=\"panel-4298-2-0-0\" class=\"so-panel widget widget_media_gallery panel-first-child panel-last-child\" data-index=\"2\" ><div class=\"panel-widget-style panel-widget-style-for-4298-2-0-0\" ><div id='gallery-1' class='gallery galleryid-4298 gallery-columns-4 gallery-size-thumbnail'><figure class='gallery-item'>\n\t\t\t<div class='gallery-icon landscape'>\n\t\t\t\t<a href='https:\/\/www.distribuidorarspty.com\/?attachment_id=4027'><img width=\"150\" height=\"150\" src=\"https:\/\/www.distribuidorarspty.com\/wp-content\/uploads\/2022\/06\/26-14-1-150x150.jpg\" class=\"attachment-thumbnail size-thumbnail\" alt=\"\" loading=\"lazy\" srcset=\"https:\/\/www.distribuidorarspty.com\/wp-content\/uploads\/2022\/06\/26-14-1-150x150.jpg 150w, https:\/\/www.distribuidorarspty.com\/wp-content\/uploads\/2022\/06\/26-14-1-300x300.jpg 300w, https:\/\/www.distribuidorarspty.com\/wp-content\/uploads\/2022\/06\/26-14-1-100x100.jpg 100w\" sizes=\"(max-width: 150px) 100vw, 150px\" \/><\/a>\n\t\t\t<\/div><\/figure><figure class='gallery-item'>\n\t\t\t<div class='gallery-icon landscape'>\n\t\t\t\t<a href='https:\/\/www.distribuidorarspty.com\/?attachment_id=4026'><img width=\"150\" height=\"150\" src=\"https:\/\/www.distribuidorarspty.com\/wp-content\/uploads\/2022\/06\/26-18-1-150x150.jpg\" class=\"attachment-thumbnail size-thumbnail\" alt=\"\" loading=\"lazy\" srcset=\"https:\/\/www.distribuidorarspty.com\/wp-content\/uploads\/2022\/06\/26-18-1-150x150.jpg 150w, https:\/\/www.distribuidorarspty.com\/wp-content\/uploads\/2022\/06\/26-18-1-300x300.jpg 300w, https:\/\/www.distribuidorarspty.com\/wp-content\/uploads\/2022\/06\/26-18-1-100x100.jpg 100w\" sizes=\"(max-width: 150px) 100vw, 150px\" \/><\/a>\n\t\t\t<\/div><\/figure><figure class='gallery-item'>\n\t\t\t<div class='gallery-icon landscape'>\n\t\t\t\t<a href='https:\/\/www.distribuidorarspty.com\/?attachment_id=4025'><img width=\"150\" height=\"150\" src=\"https:\/\/www.distribuidorarspty.com\/wp-content\/uploads\/2022\/06\/26-17-150x150.jpg\" class=\"attachment-thumbnail size-thumbnail\" alt=\"\" loading=\"lazy\" srcset=\"https:\/\/www.distribuidorarspty.com\/wp-content\/uploads\/2022\/06\/26-17-150x150.jpg 150w, https:\/\/www.distribuidorarspty.com\/wp-content\/uploads\/2022\/06\/26-17-300x300.jpg 300w, https:\/\/www.distribuidorarspty.com\/wp-content\/uploads\/2022\/06\/26-17-100x100.jpg 100w\" sizes=\"(max-width: 150px) 100vw, 150px\" \/><\/a>\n\t\t\t<\/div><\/figure><figure class='gallery-item'>\n\t\t\t<div class='gallery-icon landscape'>\n\t\t\t\t<a href='https:\/\/www.distribuidorarspty.com\/?attachment_id=4024'><img width=\"150\" height=\"150\" src=\"https:\/\/www.distribuidorarspty.com\/wp-content\/uploads\/2022\/06\/26-16-150x150.jpg\" class=\"attachment-thumbnail size-thumbnail\" alt=\"\" loading=\"lazy\" srcset=\"https:\/\/www.distribuidorarspty.com\/wp-content\/uploads\/2022\/06\/26-16-150x150.jpg 150w, https:\/\/www.distribuidorarspty.com\/wp-content\/uploads\/2022\/06\/26-16-300x300.jpg 300w, https:\/\/www.distribuidorarspty.com\/wp-content\/uploads\/2022\/06\/26-16-100x100.jpg 100w\" sizes=\"(max-width: 150px) 100vw, 150px\" \/><\/a>\n\t\t\t<\/div><\/figure><figure class='gallery-item'>\n\t\t\t<div class='gallery-icon landscape'>\n\t\t\t\t<a href='https:\/\/www.distribuidorarspty.com\/?attachment_id=4023'><img width=\"150\" height=\"150\" src=\"https:\/\/www.distribuidorarspty.com\/wp-content\/uploads\/2022\/06\/26-15-150x150.jpg\" class=\"attachment-thumbnail size-thumbnail\" alt=\"\" loading=\"lazy\" srcset=\"https:\/\/www.distribuidorarspty.com\/wp-content\/uploads\/2022\/06\/26-15-150x150.jpg 150w, https:\/\/www.distribuidorarspty.com\/wp-content\/uploads\/2022\/06\/26-15-300x300.jpg 300w, https:\/\/www.distribuidorarspty.com\/wp-content\/uploads\/2022\/06\/26-15-100x100.jpg 100w\" sizes=\"(max-width: 150px) 100vw, 150px\" \/><\/a>\n\t\t\t<\/div><\/figure><figure class='gallery-item'>\n\t\t\t<div class='gallery-icon landscape'>\n\t\t\t\t<a href='https:\/\/www.distribuidorarspty.com\/?attachment_id=4015'><img width=\"150\" height=\"150\" src=\"https:\/\/www.distribuidorarspty.com\/wp-content\/uploads\/2022\/06\/26-18-150x150.jpg\" class=\"attachment-thumbnail size-thumbnail\" alt=\"\" loading=\"lazy\" srcset=\"https:\/\/www.distribuidorarspty.com\/wp-content\/uploads\/2022\/06\/26-18-150x150.jpg 150w, https:\/\/www.distribuidorarspty.com\/wp-content\/uploads\/2022\/06\/26-18-300x300.jpg 300w, https:\/\/www.distribuidorarspty.com\/wp-content\/uploads\/2022\/06\/26-18-100x100.jpg 100w\" sizes=\"(max-width: 150px) 100vw, 150px\" \/><\/a>\n\t\t\t<\/div><\/figure><figure class='gallery-item'>\n\t\t\t<div class='gallery-icon portrait'>\n\t\t\t\t<a href='https:\/\/www.distribuidorarspty.com\/?attachment_id=4021'><img width=\"150\" height=\"150\" src=\"https:\/\/www.distribuidorarspty.com\/wp-content\/uploads\/2022\/06\/26-13-150x150.jpg\" class=\"attachment-thumbnail size-thumbnail\" alt=\"\" loading=\"lazy\" srcset=\"https:\/\/www.distribuidorarspty.com\/wp-content\/uploads\/2022\/06\/26-13-150x150.jpg 150w, https:\/\/www.distribuidorarspty.com\/wp-content\/uploads\/2022\/06\/26-13-300x300.jpg 300w, https:\/\/www.distribuidorarspty.com\/wp-content\/uploads\/2022\/06\/26-13-100x100.jpg 100w\" sizes=\"(max-width: 150px) 100vw, 150px\" \/><\/a>\n\t\t\t<\/div><\/figure><figure class='gallery-item'>\n\t\t\t<div class='gallery-icon landscape'>\n\t\t\t\t<a href='https:\/\/www.distribuidorarspty.com\/?attachment_id=4014'><img width=\"150\" height=\"150\" src=\"https:\/\/www.distribuidorarspty.com\/wp-content\/uploads\/2022\/06\/26-2-150x150.jpg\" class=\"attachment-thumbnail size-thumbnail\" alt=\"\" loading=\"lazy\" srcset=\"https:\/\/www.distribuidorarspty.com\/wp-content\/uploads\/2022\/06\/26-2-150x150.jpg 150w, https:\/\/www.distribuidorarspty.com\/wp-content\/uploads\/2022\/06\/26-2-300x300.jpg 300w, https:\/\/www.distribuidorarspty.com\/wp-content\/uploads\/2022\/06\/26-2-100x100.jpg 100w\" sizes=\"(max-width: 150px) 100vw, 150px\" \/><\/a>\n\t\t\t<\/div><\/figure>\n\t\t<\/div>\n<\/div><\/div><\/div><\/div><\/div><div id=\"pg-4298-3\"  class=\"panel-grid panel-has-style\" ><div class=\"siteorigin-panels-stretch panel-row-style panel-row-style-for-4298-3\" data-stretch-type=\"full\" ><div id=\"pgc-4298-3-0\"  class=\"panel-grid-cell\" ><div id=\"panel-4298-3-0-0\" class=\"so-panel widget widget_black-studio-tinymce widget_black_studio_tinymce panel-first-child panel-last-child\" data-index=\"3\" ><h3 class=\"widget-title\">Recomendado para:<\/h3><div class=\"textwidget\"><p style=\"text-align: JUSTIFY;\">Piscinas, \u00e1reas infantiles, pistas de atletismo, escaleras, zonas peatonales, cubiertas, salones, habitaciones, corredores, almacenes comerciales, plazoletas, \u00e1reas de trabajo.<\/p>\n<\/div><\/div><\/div><\/div><\/div><div id=\"pg-4298-4\"  class=\"panel-grid panel-no-style\" ><div id=\"pgc-4298-4-0\"  class=\"panel-grid-cell\" ><div id=\"panel-4298-4-0-0\" class=\"so-panel widget widget_black-studio-tinymce widget_black_studio_tinymce panel-first-child panel-last-child\" data-index=\"4\" ><h3 class=\"widget-title\">Requisitos m\u00ednimos de instalaci\u00f3n<\/h3><div class=\"textwidget\"><p style=\"text-align: justify;\">\u272a\u00a0El piso vaciado en caucho de sebe instalar sobre una superficie dura (mortero o cualquier base firme), debe tener sus respectivas pendientes y filtros para as\u00ed garantiza la evacuaci\u00f3n de agua, se recomienda en lo posible que el espacio este confinado en su per\u00edmetro al espesor del piso a instalar para garantizar la protecci\u00f3n del piso.<\/p>\n<p style=\"text-align: justify;\">\u272a El espacio debe estar cerrado y se\u00f1alizado para evitar da\u00f1os en el proceso de instalaci\u00f3n.<\/p>\n<p style=\"text-align: justify;\">\u272a El base debe estar libre de polvo y humedad.<\/p>\n<p style=\"text-align: justify;\">\u272a Los morteros o bases firmes deben de tener un tiempo estimado de secado entre 8 y 10 d\u00edas para su correcto tiempo de fraguado.<\/p>\n<p style=\"text-align: justify;\">\u272a El piso en caucho despu\u00e9s de instalado debe tener un tiempo de secado entre 24 y 48 horas.<\/p>\n<p style=\"text-align: justify;\">\u272a En caso de realizar trabajos despu\u00e9s de instalado el piso de caucho, se recomienda cubrir el piso con pl\u00e1sticos o cartones para evitar da\u00f1os y manchas.<\/p>\n<\/div><\/div><\/div><\/div><div id=\"pg-4298-5\"  class=\"panel-grid panel-no-style\" ><div id=\"pgc-4298-5-0\"  class=\"panel-grid-cell\" ><div id=\"panel-4298-5-0-0\" class=\"so-panel widget widget_text panel-first-child panel-last-child\" data-index=\"5\" ><h3 class=\"widget-title\">Te ofrecemos:<\/h3>\t\t\t<div class=\"textwidget\"><h5><strong><span style=\"color: #333333;\">\u272a\u00a0 <\/span><\/strong>Venta de materiales.<\/h5>\n<h5><strong><span style=\"color: #333333;\">\u272a\u00a0 <\/span><\/strong>Instalaci\u00f3n.<\/h5>\n<h5><strong><span style=\"color: #333333;\">\u272a\u00a0 <\/span><\/strong>Asesor\u00eda.<\/h5>\n<\/div>\n\t\t<\/div><\/div><\/div><div id=\"pg-4298-6\"  class=\"panel-grid panel-no-style\" ><div id=\"pgc-4298-6-0\"  class=\"panel-grid-cell\" ><div id=\"panel-4298-6-0-0\" class=\"so-panel widget widget_text panel-first-child panel-last-child\" data-index=\"6\" ><h3 class=\"widget-title\">Proveedores<\/h3>\t\t\t<div class=\"textwidget\"><div class=\"logo-panel\">\n<div class=\"row\">\n<div class=\"col-xs-1 col-sm-4\"><img src=\"https:\/\/www.distribuidorarspty.com\/wp-content\/uploads\/2022\/06\/logo05.jpg\" alt=\"Brands\" \/><\/div>\n<\/div>\n<\/div>\n<\/div>\n\t\t<\/div><\/div><\/div><\/div>","protected":false},"excerpt":{"rendered":"<p>Caucho EPDM granulado aglomerado.<\/p>\n","protected":false},"author":2,"featured_media":4015,"parent":2152,"menu_order":15,"comment_status":"closed","ping_status":"closed","template":"","meta":{"_coblocks_attr":"","_coblocks_dimensions":"","_coblocks_responsive_height":"","_coblocks_accordion_ie_support":""},"categories":[115],"tags":[],"acf":[],"_links":{"self":[{"href":"https:\/\/www.distribuidorarspty.com\/index.php?rest_route=\/wp\/v2\/pages\/4298"}],"collection":[{"href":"https:\/\/www.distribuidorarspty.com\/index.php?rest_route=\/wp\/v2\/pages"}],"about":[{"href":"https:\/\/www.distribuidorarspty.com\/index.php?rest_route=\/wp\/v2\/types\/page"}],"author":[{"embeddable":true,"href":"https:\/\/www.distribuidorarspty.com\/index.php?rest_route=\/wp\/v2\/users\/2"}],"replies":[{"embeddable":true,"href":"https:\/\/www.distribuidorarspty.com\/index.php?rest_route=%2Fwp%2Fv2%2Fcomments&post=4298"}],"version-history":[{"count":37,"href":"https:\/\/www.distribuidorarspty.com\/index.php?rest_route=\/wp\/v2\/pages\/4298\/revisions"}],"predecessor-version":[{"id":4361,"href":"https:\/\/www.distribuidorarspty.com\/index.php?rest_route=\/wp\/v2\/pages\/4298\/revisions\/4361"}],"up":[{"embeddable":true,"href":"https:\/\/www.distribuidorarspty.com\/index.php?rest_route=\/wp\/v2\/pages\/2152"}],"wp:featuredmedia":[{"embeddable":true,"href":"https:\/\/www.distribuidorarspty.com\/index.php?rest_route=\/wp\/v2\/media\/4015"}],"wp:attachment":[{"href":"https:\/\/www.distribuidorarspty.com\/index.php?rest_route=%2Fwp%2Fv2%2Fmedia&parent=4298"}],"wp:term":[{"taxonomy":"category","embeddable":true,"href":"https:\/\/www.distribuidorarspty.com\/index.php?rest_route=%2Fwp%2Fv2%2Fcategories&post=4298"},{"taxonomy":"post_tag","embeddable":true,"href":"https:\/\/www.distribuidorarspty.com\/index.php?rest_route=%2Fwp%2Fv2%2Ftags&post=4298"}],"curies":[{"name":"wp","href":"https:\/\/api.w.org\/{rel}","templated":true}]}}