{"id":3703,"date":"2022-06-06T05:11:35","date_gmt":"2022-06-06T10:11:35","guid":{"rendered":"https:\/\/www.distribuidorarspty.com\/?post_type=product&#038;p=3703"},"modified":"2022-06-06T10:38:30","modified_gmt":"2022-06-06T15:38:30","slug":"barra-para-discos-olimpicos","status":"publish","type":"product","link":"https:\/\/www.distribuidorarspty.com\/?product=barra-para-discos-olimpicos","title":{"rendered":"Barra para discos"},"content":{"rendered":"<p>Material robusto y resistente. \u00dasalas c\u00f3mo quieras y d\u00f3nde quieras.<\/p>\n<p>\u272a\u00a0Barra para discos ol\u00edmpicos.<\/p>\n<p>\u272a Peso: 20 kg.<\/p>\n<p>\u272a Longitud: 2.20m.<\/p>\n<p>\u272a Peso Max: 800 lbs aprox.<\/p>\n","protected":false},"excerpt":{"rendered":"<p>Adquiere la barra que se adapte a tu capacidad.<\/p>\n<p>Ejerc\u00edtate con comodidad.<\/p>\n<p>Nuestras barras tienen buen agarre y ergonom\u00eda para tu mano.<\/p>\n<p>&nbsp;<\/p>\n","protected":false},"featured_media":3704,"template":"","meta":{"_coblocks_attr":"","_coblocks_dimensions":"","_coblocks_responsive_height":"","_coblocks_accordion_ie_support":""},"product_cat":[75],"product_tag":[76],"acf":[],"_links":{"self":[{"href":"https:\/\/www.distribuidorarspty.com\/index.php?rest_route=\/wp\/v2\/product\/3703"}],"collection":[{"href":"https:\/\/www.distribuidorarspty.com\/index.php?rest_route=\/wp\/v2\/product"}],"about":[{"href":"https:\/\/www.distribuidorarspty.com\/index.php?rest_route=\/wp\/v2\/types\/product"}],"wp:featuredmedia":[{"embeddable":true,"href":"https:\/\/www.distribuidorarspty.com\/index.php?rest_route=\/wp\/v2\/media\/3704"}],"wp:attachment":[{"href":"https:\/\/www.distribuidorarspty.com\/index.php?rest_route=%2Fwp%2Fv2%2Fmedia&parent=3703"}],"wp:term":[{"taxonomy":"product_cat","embeddable":true,"href":"https:\/\/www.distribuidorarspty.com\/index.php?rest_route=%2Fwp%2Fv2%2Fproduct_cat&post=3703"},{"taxonomy":"product_tag","embeddable":true,"href":"https:\/\/www.distribuidorarspty.com\/index.php?rest_route=%2Fwp%2Fv2%2Fproduct_tag&post=3703"}],"curies":[{"name":"wp","href":"https:\/\/api.w.org\/{rel}","templated":true}]}}