{"id":3755,"date":"2022-06-06T08:48:16","date_gmt":"2022-06-06T13:48:16","guid":{"rendered":"https:\/\/www.distribuidorarspty.com\/?post_type=product&#038;p=3755"},"modified":"2022-07-28T17:25:29","modified_gmt":"2022-07-28T22:25:29","slug":"cesped-sintetico-decorativo","status":"publish","type":"product","link":"https:\/\/www.distribuidorarspty.com\/?product=cesped-sintetico-decorativo","title":{"rendered":"C\u00e9sped decorativo"},"content":{"rendered":"<p>Instalamos c\u00e9sped sint\u00e9tico decorativo<\/p>\n<p>Nuestra l\u00ednea de c\u00e9sped es utilizada para \u00e1reas sociales abiertas y cerradas, edificios, apartamentos, \u00e1rea de juego de ni\u00f1os, \u00e1reas de piscina, terrazas, balcones, y patios de casas.<\/p>\n<p>\u272a Es un producto 100% amigable con las mascotas.<br \/>\n\u272a Al instalarlo tendr\u00e1 a corto plazo un ahorro en agua y mantenimiento.<br \/>\n\u272a Evitar\u00e1 el uso de pesticidas, fungicidas y fertilizantes.<br \/>\n\u272a No tendr\u00e1 bichos o alima\u00f1as que pueden estar viviendo dentro del c\u00e9sped natural.<\/p>\n","protected":false},"excerpt":{"rendered":"<p>Costo sujeto a cotizaci\u00f3n.<\/p>\n","protected":false},"featured_media":4413,"template":"","meta":{"_coblocks_attr":"","_coblocks_dimensions":"","_coblocks_responsive_height":"","_coblocks_accordion_ie_support":""},"product_cat":[104],"product_tag":[106],"acf":[],"_links":{"self":[{"href":"https:\/\/www.distribuidorarspty.com\/index.php?rest_route=\/wp\/v2\/product\/3755"}],"collection":[{"href":"https:\/\/www.distribuidorarspty.com\/index.php?rest_route=\/wp\/v2\/product"}],"about":[{"href":"https:\/\/www.distribuidorarspty.com\/index.php?rest_route=\/wp\/v2\/types\/product"}],"wp:featuredmedia":[{"embeddable":true,"href":"https:\/\/www.distribuidorarspty.com\/index.php?rest_route=\/wp\/v2\/media\/4413"}],"wp:attachment":[{"href":"https:\/\/www.distribuidorarspty.com\/index.php?rest_route=%2Fwp%2Fv2%2Fmedia&parent=3755"}],"wp:term":[{"taxonomy":"product_cat","embeddable":true,"href":"https:\/\/www.distribuidorarspty.com\/index.php?rest_route=%2Fwp%2Fv2%2Fproduct_cat&post=3755"},{"taxonomy":"product_tag","embeddable":true,"href":"https:\/\/www.distribuidorarspty.com\/index.php?rest_route=%2Fwp%2Fv2%2Fproduct_tag&post=3755"}],"curies":[{"name":"wp","href":"https:\/\/api.w.org\/{rel}","templated":true}]}}