{"id":4392,"date":"2022-07-28T16:27:04","date_gmt":"2022-07-28T21:27:04","guid":{"rendered":"https:\/\/www.distribuidorarspty.com\/?post_type=product&#038;p=4392"},"modified":"2022-07-28T16:45:32","modified_gmt":"2022-07-28T21:45:32","slug":"mosquetas-para-canchas-de-padel","status":"publish","type":"product","link":"https:\/\/www.distribuidorarspty.com\/?product=mosquetas-para-canchas-de-padel","title":{"rendered":"Mosquetas para canchas de p\u00e1del"},"content":{"rendered":"<p>Venta e instalaci\u00f3n de reemplazos de moquetas para canchas de p\u00e1del.<\/p>\n","protected":false},"excerpt":{"rendered":"<p>Costo sujeto a cotizaci\u00f3n.<\/p>\n","protected":false},"featured_media":4393,"template":"","meta":{"_coblocks_attr":"","_coblocks_dimensions":"","_coblocks_responsive_height":"","_coblocks_accordion_ie_support":""},"product_cat":[116],"product_tag":[113],"acf":[],"_links":{"self":[{"href":"https:\/\/www.distribuidorarspty.com\/index.php?rest_route=\/wp\/v2\/product\/4392"}],"collection":[{"href":"https:\/\/www.distribuidorarspty.com\/index.php?rest_route=\/wp\/v2\/product"}],"about":[{"href":"https:\/\/www.distribuidorarspty.com\/index.php?rest_route=\/wp\/v2\/types\/product"}],"wp:featuredmedia":[{"embeddable":true,"href":"https:\/\/www.distribuidorarspty.com\/index.php?rest_route=\/wp\/v2\/media\/4393"}],"wp:attachment":[{"href":"https:\/\/www.distribuidorarspty.com\/index.php?rest_route=%2Fwp%2Fv2%2Fmedia&parent=4392"}],"wp:term":[{"taxonomy":"product_cat","embeddable":true,"href":"https:\/\/www.distribuidorarspty.com\/index.php?rest_route=%2Fwp%2Fv2%2Fproduct_cat&post=4392"},{"taxonomy":"product_tag","embeddable":true,"href":"https:\/\/www.distribuidorarspty.com\/index.php?rest_route=%2Fwp%2Fv2%2Fproduct_tag&post=4392"}],"curies":[{"name":"wp","href":"https:\/\/api.w.org\/{rel}","templated":true}]}}