{"id":4479,"date":"2025-04-02T18:00:55","date_gmt":"2025-04-02T23:00:55","guid":{"rendered":"https:\/\/www.distribuidorarspty.com\/?post_type=product&#038;p=4479"},"modified":"2025-04-02T19:16:07","modified_gmt":"2025-04-03T00:16:07","slug":"graderias","status":"publish","type":"product","link":"https:\/\/www.distribuidorarspty.com\/?product=graderias","title":{"rendered":"Grader\u00edas"},"content":{"rendered":"<p>Las gradas son estructuras dise\u00f1adas para proporcionar comodidad y seguridad al p\u00fablico en distintos tipos de eventos. Gracias a su fabricaci\u00f3n con materiales resistentes y su dise\u00f1o modular, se adaptan a diversas condiciones clim\u00e1ticas y entornos, garantizando durabilidad y facilidad de montaje.<\/p>\n<p><strong>\u00bfPor qu\u00e9 preferir gradas?<\/strong><br \/>\n\u272a Resistentes a la humedad, cambios clim\u00e1ticos y rayos UV, ideales para exteriores.<br \/>\n\u272a No requieren mantenimiento, ya que son impermeables y no se corroen.<br \/>\n\u272a Material antideslizante y resistente a golpes para mayor seguridad y durabilidad.<br \/>\n\u272a Dise\u00f1o modular de f\u00e1cil montaje y adaptable a distintos espacios.<\/p>\n<p><strong>Caracter\u00edsticas de las gradas:<\/strong><br \/>\n\u272a Resistentes a la humedad, temperaturas extremas y diversas condiciones clim\u00e1ticas.<br \/>\n\u272a Estructuras modulares de f\u00e1cil montaje y adaptables a distintos entornos.<br \/>\n\u272a Dise\u00f1adas a medida seg\u00fan el espacio de instalaci\u00f3n.<br \/>\n\u272a Sin mantenimiento, no se rajan, astillan, oxidan ni corroen.<br \/>\n\u272a 100% impermeables y resistentes a microorganismos y salinidad.<br \/>\n\u272a Fabricadas en material antideslizante, resistente a golpes y deformaciones.<br \/>\n\u272a Garantizan comodidad, seguridad y durabilidad.<\/p>\n","protected":false},"excerpt":{"rendered":"<p>Las gradas son estructuras dise\u00f1adas para proporcionar comodidad y seguridad al p\u00fablico en distintos tipos de eventos.<\/p>\n","protected":false},"featured_media":4481,"template":"","meta":{"_coblocks_attr":"","_coblocks_dimensions":"","_coblocks_responsive_height":"","_coblocks_accordion_ie_support":""},"product_cat":[130],"product_tag":[128,131,124,125,126,123,129,127],"acf":[],"_links":{"self":[{"href":"https:\/\/www.distribuidorarspty.com\/index.php?rest_route=\/wp\/v2\/product\/4479"}],"collection":[{"href":"https:\/\/www.distribuidorarspty.com\/index.php?rest_route=\/wp\/v2\/product"}],"about":[{"href":"https:\/\/www.distribuidorarspty.com\/index.php?rest_route=\/wp\/v2\/types\/product"}],"wp:featuredmedia":[{"embeddable":true,"href":"https:\/\/www.distribuidorarspty.com\/index.php?rest_route=\/wp\/v2\/media\/4481"}],"wp:attachment":[{"href":"https:\/\/www.distribuidorarspty.com\/index.php?rest_route=%2Fwp%2Fv2%2Fmedia&parent=4479"}],"wp:term":[{"taxonomy":"product_cat","embeddable":true,"href":"https:\/\/www.distribuidorarspty.com\/index.php?rest_route=%2Fwp%2Fv2%2Fproduct_cat&post=4479"},{"taxonomy":"product_tag","embeddable":true,"href":"https:\/\/www.distribuidorarspty.com\/index.php?rest_route=%2Fwp%2Fv2%2Fproduct_tag&post=4479"}],"curies":[{"name":"wp","href":"https:\/\/api.w.org\/{rel}","templated":true}]}}