{"id":4494,"date":"2025-04-02T18:26:38","date_gmt":"2025-04-02T23:26:38","guid":{"rendered":"https:\/\/www.distribuidorarspty.com\/?post_type=product&#038;p=4494"},"modified":"2025-04-02T18:38:16","modified_gmt":"2025-04-02T23:38:16","slug":"tribunas-modulares","status":"publish","type":"product","link":"https:\/\/www.distribuidorarspty.com\/?product=tribunas-modulares","title":{"rendered":"Tribunas modulares"},"content":{"rendered":"<p>Las tribunas son estructuras utilizadas para elevar y acomodar al p\u00fablico, ofrecen una soluci\u00f3n vers\u00e1til y funcional para la distribuci\u00f3n de los asistentes en eventos deportivos, conciertos, espect\u00e1culos y espacios polivalentes. Su dise\u00f1o modular y adaptable permite optimizar el uso del espacio, asegurando comodidad, seguridad y rapidez en su instalaci\u00f3n.<\/p>\n<p><strong>\u00bfPor qu\u00e9 preferir Tribunas?<\/strong><br \/>\n\u272a Ideales para teatros, conferencias y espect\u00e1culos en salas polivalentes.<br \/>\n\u272a Disponibles en versiones fijas o retr\u00e1ctiles para mayor flexibilidad.<br \/>\n\u272a Dise\u00f1o modular que optimiza el espacio y permite una instalaci\u00f3n r\u00e1pida.<br \/>\n\u272a Certificadas para garantizar seguridad y estabilidad estructural.<\/p>\n<p><strong>Caracter\u00edsticas de las Tribunas:<\/strong><br \/>\n\u272a Adaptables a salas polivalentes (espect\u00e1culos, eventos deportivos, conferencias, teatros, conciertos, etc.)<br \/>\n\u272a Compactas y de instalaci\u00f3n r\u00e1pida.<br \/>\n\u272a Disponibles en versiones fijas y desmontables.<br \/>\n\u272a Personalizables seg\u00fan las necesidades del cliente.<br \/>\n\u272a Cumplen altos est\u00e1ndares de seguridad y calidad, con certificaciones y homologaciones.<br \/>\n\u272a Estructura multidireccional con vigas de aluminio y plataformas seguras.<br \/>\n\u272a Vers\u00e1tiles y funcionales para la distribuci\u00f3n del p\u00fablico.<br \/>\n\u272a Optimizan el uso del espacio y garantizan comodidad y seguridad.<br \/>\n\u272a El sistema de asientos puede venir con asientos individuales de HDPE y bancos de aluminio.<\/p>\n<p>&nbsp;<\/p>\n<div style=\"width: 872px;\" class=\"wp-video\"><!--[if lt IE 9]><script>document.createElement('video');<\/script><![endif]-->\n<video class=\"wp-video-shortcode\" id=\"video-4494-1\" width=\"872\" height=\"750\" preload=\"metadata\" controls=\"controls\"><source type=\"video\/mp4\" src=\"https:\/\/www.distribuidorarspty.com\/wp-content\/uploads\/2025\/04\/TRIBUNAS-VIDEO.mp4?_=1\" \/><a href=\"https:\/\/www.distribuidorarspty.com\/wp-content\/uploads\/2025\/04\/TRIBUNAS-VIDEO.mp4\">https:\/\/www.distribuidorarspty.com\/wp-content\/uploads\/2025\/04\/TRIBUNAS-VIDEO.mp4<\/a><\/video><\/div>\n","protected":false},"excerpt":{"rendered":"<p>Tribunas Modulares con Andamios: Estabilidad, personalizaci\u00f3n y durabilidad.<\/p>\n","protected":false},"featured_media":4502,"template":"","meta":{"_coblocks_attr":"","_coblocks_dimensions":"","_coblocks_responsive_height":"","_coblocks_accordion_ie_support":""},"product_cat":[130],"product_tag":[128,131,124,125,126,123,129,127],"acf":[],"_links":{"self":[{"href":"https:\/\/www.distribuidorarspty.com\/index.php?rest_route=\/wp\/v2\/product\/4494"}],"collection":[{"href":"https:\/\/www.distribuidorarspty.com\/index.php?rest_route=\/wp\/v2\/product"}],"about":[{"href":"https:\/\/www.distribuidorarspty.com\/index.php?rest_route=\/wp\/v2\/types\/product"}],"wp:featuredmedia":[{"embeddable":true,"href":"https:\/\/www.distribuidorarspty.com\/index.php?rest_route=\/wp\/v2\/media\/4502"}],"wp:attachment":[{"href":"https:\/\/www.distribuidorarspty.com\/index.php?rest_route=%2Fwp%2Fv2%2Fmedia&parent=4494"}],"wp:term":[{"taxonomy":"product_cat","embeddable":true,"href":"https:\/\/www.distribuidorarspty.com\/index.php?rest_route=%2Fwp%2Fv2%2Fproduct_cat&post=4494"},{"taxonomy":"product_tag","embeddable":true,"href":"https:\/\/www.distribuidorarspty.com\/index.php?rest_route=%2Fwp%2Fv2%2Fproduct_tag&post=4494"}],"curies":[{"name":"wp","href":"https:\/\/api.w.org\/{rel}","templated":true}]}}